{"id":2545,"date":"2025-01-24T07:01:23","date_gmt":"2025-01-24T07:01:23","guid":{"rendered":"https:\/\/sharkcompactors.com\/?page_id=2545"},"modified":"2025-01-24T07:17:48","modified_gmt":"2025-01-24T07:17:48","slug":"containere","status":"publish","type":"page","link":"https:\/\/sharkcompactors.com\/en\/containere\/","title":{"rendered":"Containers"},"content":{"rendered":"\t\t<div data-elementor-type=\"wp-page\" data-elementor-id=\"2545\" class=\"elementor elementor-2545\" data-elementor-post-type=\"page\">\n\t\t\t\t\t\t<section class=\"elementor-section elementor-top-section elementor-element elementor-element-13178d1 elementor-section-boxed elementor-section-height-default elementor-section-height-default\" data-id=\"13178d1\" data-element_type=\"section\" data-e-type=\"section\" data-settings=\"{&quot;background_background&quot;:&quot;classic&quot;}\">\n\t\t\t\t\t\t<div class=\"elementor-container elementor-column-gap-default\">\n\t\t\t\t\t<div class=\"elementor-column elementor-col-100 elementor-top-column elementor-element elementor-element-d519c38\" data-id=\"d519c38\" data-element_type=\"column\" data-e-type=\"column\">\n\t\t\t<div class=\"elementor-widget-wrap elementor-element-populated\">\n\t\t\t\t\t\t<section class=\"elementor-section elementor-inner-section elementor-element elementor-element-9f3328b elementor-section-boxed elementor-section-height-default elementor-section-height-default\" data-id=\"9f3328b\" data-element_type=\"section\" data-e-type=\"section\">\n\t\t\t\t\t\t<div class=\"elementor-container elementor-column-gap-default\">\n\t\t\t\t\t<div class=\"elementor-column elementor-col-50 elementor-inner-column elementor-element elementor-element-1311d4b\" data-id=\"1311d4b\" data-element_type=\"column\" data-e-type=\"column\">\n\t\t\t<div class=\"elementor-widget-wrap elementor-element-populated\">\n\t\t\t\t\t\t<div class=\"elementor-element elementor-element-ac4b5a4 elementor-widget elementor-widget-heading\" data-id=\"ac4b5a4\" data-element_type=\"widget\" data-e-type=\"widget\" data-widget_type=\"heading.default\">\n\t\t\t\t<div class=\"elementor-widget-container\">\n\t\t\t\t\t<h1 class=\"elementor-heading-title elementor-size-default\">Containere<\/h1>\t\t\t\t<\/div>\n\t\t\t\t<\/div>\n\t\t\t\t<div class=\"elementor-element elementor-element-4c7fdde elementor-widget elementor-widget-text-editor\" data-id=\"4c7fdde\" data-element_type=\"widget\" data-e-type=\"widget\" data-widget_type=\"text-editor.default\">\n\t\t\t\t<div class=\"elementor-widget-container\">\n\t\t\t\t\t\t\t\t\t<p>Shark Compactors er eneforhandler af containere fra den polske virksomhed AMG.\u00a0<\/p><p>Produktsortimentet sp\u00e6nder bredt: \u00c5bne, lukkede og specialfremstillede containere efter kundens \u00f8nsker og behov.<\/p>\t\t\t\t\t\t\t\t<\/div>\n\t\t\t\t<\/div>\n\t\t\t\t<div class=\"elementor-element elementor-element-75f80b2 elementor-widget__width-auto elementor-widget elementor-widget-button\" data-id=\"75f80b2\" data-element_type=\"widget\" data-e-type=\"widget\" data-widget_type=\"button.default\">\n\t\t\t\t<div class=\"elementor-widget-container\">\n\t\t\t\t\t\t\t\t\t<div class=\"elementor-button-wrapper\">\n\t\t\t\t\t<a class=\"elementor-button elementor-button-link elementor-size-sm\" href=\"#form\">\n\t\t\t\t\t\t<span class=\"elementor-button-content-wrapper\">\n\t\t\t\t\t\t\t\t\t<span class=\"elementor-button-text\">Kontakt os<\/span>\n\t\t\t\t\t<\/span>\n\t\t\t\t\t<\/a>\n\t\t\t\t<\/div>\n\t\t\t\t\t\t\t\t<\/div>\n\t\t\t\t<\/div>\n\t\t\t\t<div class=\"elementor-element elementor-element-e0ffbfb elementor-widget__width-auto elementor-widget elementor-widget-button\" data-id=\"e0ffbfb\" data-element_type=\"widget\" data-e-type=\"widget\" data-widget_type=\"button.default\">\n\t\t\t\t<div class=\"elementor-widget-container\">\n\t\t\t\t\t\t\t\t\t<div class=\"elementor-button-wrapper\">\n\t\t\t\t\t<a class=\"elementor-button elementor-button-link elementor-size-sm\" href=\"#form\">\n\t\t\t\t\t\t<span class=\"elementor-button-content-wrapper\">\n\t\t\t\t\t\t\t\t\t<span class=\"elementor-button-text\">Har du et sp\u00f8rgsm\u00e5l?<\/span>\n\t\t\t\t\t<\/span>\n\t\t\t\t\t<\/a>\n\t\t\t\t<\/div>\n\t\t\t\t\t\t\t\t<\/div>\n\t\t\t\t<\/div>\n\t\t\t\t<div class=\"elementor-element elementor-element-b8af885 elementor-widget elementor-widget-spacer\" data-id=\"b8af885\" data-element_type=\"widget\" data-e-type=\"widget\" data-widget_type=\"spacer.default\">\n\t\t\t\t<div class=\"elementor-widget-container\">\n\t\t\t\t\t\t\t<div class=\"elementor-spacer\">\n\t\t\t<div class=\"elementor-spacer-inner\"><\/div>\n\t\t<\/div>\n\t\t\t\t\t\t<\/div>\n\t\t\t\t<\/div>\n\t\t\t\t<div class=\"elementor-element elementor-element-f406f52 elementor-widget__width-auto elementor-widget elementor-widget-shortcode\" data-id=\"f406f52\" data-element_type=\"widget\" data-e-type=\"widget\" data-widget_type=\"shortcode.default\">\n\t\t\t\t<div class=\"elementor-widget-container\">\n\t\t\t\t\t\t\t<div class=\"elementor-shortcode\"><div class=\"_df_thumb \" id=\"df_2553\"  _slug=\"2553\" data-title=\"amg-containere\" wpoptions=\"true\" thumb=\"https:\/\/sharkcompactors.com\/wp-content\/uploads\/2025\/01\/AMG-brochure-containere.png\" thumbtype=\"\" >AMG Containere<\/div><script class=\"df-shortcode-script\" nowprocket type=\"application\/javascript\">window.option_df_2553 = {\"outline\":[],\"autoEnableOutline\":\"false\",\"autoEnableThumbnail\":\"false\",\"overwritePDFOutline\":\"false\",\"direction\":\"1\",\"pageSize\":\"0\",\"source\":\"https:\\\/\\\/sharkcompactors.com\\\/wp-content\\\/uploads\\\/2025\\\/01\\\/Projekt-katalogu-z-tabelkami_Dania_24.10amg1.pdf\",\"wpOptions\":\"true\"}; if(window.DFLIP && window.DFLIP.parseBooks){window.DFLIP.parseBooks();}<\/script><\/div>\n\t\t\t\t\t\t<\/div>\n\t\t\t\t<\/div>\n\t\t\t\t<div class=\"elementor-element elementor-element-84f6651 elementor-widget__width-auto elementor-widget elementor-widget-heading\" data-id=\"84f6651\" data-element_type=\"widget\" data-e-type=\"widget\" data-widget_type=\"heading.default\">\n\t\t\t\t<div class=\"elementor-widget-container\">\n\t\t\t\t\t<h4 class=\"elementor-heading-title elementor-size-default\">Klik for at \u00e5bne brochuren<\/h4>\t\t\t\t<\/div>\n\t\t\t\t<\/div>\n\t\t\t\t\t<\/div>\n\t\t<\/div>\n\t\t\t\t<div class=\"elementor-column elementor-col-50 elementor-inner-column elementor-element elementor-element-0fdd645\" data-id=\"0fdd645\" data-element_type=\"column\" data-e-type=\"column\">\n\t\t\t<div class=\"elementor-widget-wrap elementor-element-populated\">\n\t\t\t\t\t\t<section class=\"elementor-section elementor-inner-section elementor-element elementor-element-95484f7 elementor-section-full_width elementor-section-height-default elementor-section-height-default\" data-id=\"95484f7\" data-element_type=\"section\" data-e-type=\"section\" data-settings=\"{&quot;sticky&quot;:&quot;top&quot;,&quot;sticky_on&quot;:[&quot;desktop&quot;,&quot;tablet&quot;],&quot;sticky_offset&quot;:100,&quot;sticky_parent&quot;:&quot;yes&quot;,&quot;sticky_effects_offset&quot;:0,&quot;sticky_anchor_link_offset&quot;:0}\">\n\t\t\t\t\t\t<div class=\"elementor-container elementor-column-gap-default\">\n\t\t\t\t\t<div class=\"elementor-column elementor-col-100 elementor-inner-column elementor-element elementor-element-8de51c2\" data-id=\"8de51c2\" data-element_type=\"column\" data-e-type=\"column\">\n\t\t\t<div class=\"elementor-widget-wrap elementor-element-populated\">\n\t\t\t\t\t\t<div class=\"elementor-element elementor-element-88a2bda elementor-hidden-mobile elementor-widget elementor-widget-image\" data-id=\"88a2bda\" data-element_type=\"widget\" data-e-type=\"widget\" data-widget_type=\"image.default\">\n\t\t\t\t<div class=\"elementor-widget-container\">\n\t\t\t\t\t\t\t\t\t\t\t\t\t\t\t<img fetchpriority=\"high\" decoding=\"async\" width=\"1920\" height=\"1073\" src=\"https:\/\/sharkcompactors.com\/wp-content\/uploads\/2025\/01\/A9135pt4l_12okttz_99c1.png\" class=\"attachment-full size-full wp-image-2548\" alt=\"\" srcset=\"https:\/\/sharkcompactors.com\/wp-content\/uploads\/2025\/01\/A9135pt4l_12okttz_99c1.png 1920w, https:\/\/sharkcompactors.com\/wp-content\/uploads\/2025\/01\/A9135pt4l_12okttz_99c1-300x168.png 300w, https:\/\/sharkcompactors.com\/wp-content\/uploads\/2025\/01\/A9135pt4l_12okttz_99c1-1024x572.png 1024w, https:\/\/sharkcompactors.com\/wp-content\/uploads\/2025\/01\/A9135pt4l_12okttz_99c1-768x429.png 768w, https:\/\/sharkcompactors.com\/wp-content\/uploads\/2025\/01\/A9135pt4l_12okttz_99c1-1536x858.png 1536w, https:\/\/sharkcompactors.com\/wp-content\/uploads\/2025\/01\/A9135pt4l_12okttz_99c1-18x10.png 18w\" sizes=\"(max-width: 1920px) 100vw, 1920px\" \/>\t\t\t\t\t\t\t\t\t\t\t\t\t\t\t<\/div>\n\t\t\t\t<\/div>\n\t\t\t\t\t<\/div>\n\t\t<\/div>\n\t\t\t\t\t<\/div>\n\t\t<\/section>\n\t\t\t\t\t<\/div>\n\t\t<\/div>\n\t\t\t\t\t<\/div>\n\t\t<\/section>\n\t\t\t\t\t<\/div>\n\t\t<\/div>\n\t\t\t\t\t<\/div>\n\t\t<\/section>\n\t\t\t\t<\/div>\n\t\t","protected":false},"excerpt":{"rendered":"<p>Containers Shark Compactors is the exclusive distributor of containers from the Polish company AMG. The product range is wide: Open, closed and custom-made containers according to the customer&#039;s wishes and needs. Contact us Do you have a question? Click to open the brochure<\/p>","protected":false},"author":1,"featured_media":0,"parent":0,"menu_order":0,"comment_status":"closed","ping_status":"closed","template":"","meta":{"iawp_total_views":466,"footnotes":""},"class_list":["post-2545","page","type-page","status-publish","hentry"],"yoast_head":"<!-- This site is optimized with the Yoast SEO plugin v27.4 - https:\/\/yoast.com\/product\/yoast-seo-wordpress\/ -->\n<title>Containere - Shark Compactors<\/title>\n<meta name=\"robots\" content=\"index, follow, max-snippet:-1, max-image-preview:large, max-video-preview:-1\" \/>\n<link rel=\"canonical\" href=\"https:\/\/sharkcompactors.com\/en\/containere\/\" \/>\n<meta property=\"og:locale\" content=\"en_GB\" \/>\n<meta property=\"og:type\" content=\"article\" \/>\n<meta property=\"og:title\" content=\"Containere - Shark Compactors\" \/>\n<meta property=\"og:description\" content=\"Containere Shark Compactors er eneforhandler af containere fra den polske virksomhed AMG.\u00a0 Produktsortimentet sp\u00e6nder bredt: \u00c5bne, lukkede og specialfremstillede containere efter kundens \u00f8nsker og behov. Kontakt os Har du et sp\u00f8rgsm\u00e5l? Klik for at \u00e5bne brochuren\" \/>\n<meta property=\"og:url\" content=\"https:\/\/sharkcompactors.com\/en\/containere\/\" \/>\n<meta property=\"og:site_name\" content=\"Shark Compactors\" \/>\n<meta property=\"article:publisher\" content=\"https:\/\/www.facebook.com\/people\/Shark-Compactors\/100054347826083\/\" \/>\n<meta property=\"article:modified_time\" content=\"2025-01-24T07:17:48+00:00\" \/>\n<meta property=\"og:image\" content=\"https:\/\/sharkcompactors.com\/wp-content\/uploads\/2025\/01\/A9135pt4l_12okttz_99c1.png\" \/>\n\t<meta property=\"og:image:width\" content=\"1920\" \/>\n\t<meta property=\"og:image:height\" content=\"1073\" \/>\n\t<meta property=\"og:image:type\" content=\"image\/png\" \/>\n<meta name=\"twitter:card\" content=\"summary_large_image\" \/>\n<meta name=\"twitter:label1\" content=\"Estimated reading time\" \/>\n\t<meta name=\"twitter:data1\" content=\"1 minute\" \/>\n<script type=\"application\/ld+json\" class=\"yoast-schema-graph\">{\"@context\":\"https:\\\/\\\/schema.org\",\"@graph\":[{\"@type\":\"WebPage\",\"@id\":\"https:\\\/\\\/sharkcompactors.com\\\/containere\\\/\",\"url\":\"https:\\\/\\\/sharkcompactors.com\\\/containere\\\/\",\"name\":\"Containere - Shark Compactors\",\"isPartOf\":{\"@id\":\"https:\\\/\\\/sharkcompactors.com\\\/#website\"},\"primaryImageOfPage\":{\"@id\":\"https:\\\/\\\/sharkcompactors.com\\\/containere\\\/#primaryimage\"},\"image\":{\"@id\":\"https:\\\/\\\/sharkcompactors.com\\\/containere\\\/#primaryimage\"},\"thumbnailUrl\":\"https:\\\/\\\/sharkcompactors.com\\\/wp-content\\\/uploads\\\/2025\\\/01\\\/A9135pt4l_12okttz_99c1.png\",\"datePublished\":\"2025-01-24T07:01:23+00:00\",\"dateModified\":\"2025-01-24T07:17:48+00:00\",\"breadcrumb\":{\"@id\":\"https:\\\/\\\/sharkcompactors.com\\\/containere\\\/#breadcrumb\"},\"inLanguage\":\"en-GB\",\"potentialAction\":[{\"@type\":\"ReadAction\",\"target\":[\"https:\\\/\\\/sharkcompactors.com\\\/containere\\\/\"]}]},{\"@type\":\"ImageObject\",\"inLanguage\":\"en-GB\",\"@id\":\"https:\\\/\\\/sharkcompactors.com\\\/containere\\\/#primaryimage\",\"url\":\"https:\\\/\\\/sharkcompactors.com\\\/wp-content\\\/uploads\\\/2025\\\/01\\\/A9135pt4l_12okttz_99c1.png\",\"contentUrl\":\"https:\\\/\\\/sharkcompactors.com\\\/wp-content\\\/uploads\\\/2025\\\/01\\\/A9135pt4l_12okttz_99c1.png\"},{\"@type\":\"BreadcrumbList\",\"@id\":\"https:\\\/\\\/sharkcompactors.com\\\/containere\\\/#breadcrumb\",\"itemListElement\":[{\"@type\":\"ListItem\",\"position\":1,\"name\":\"Hjem\",\"item\":\"https:\\\/\\\/sharkcompactors.com\\\/\"},{\"@type\":\"ListItem\",\"position\":2,\"name\":\"Containere\"}]},{\"@type\":\"WebSite\",\"@id\":\"https:\\\/\\\/sharkcompactors.com\\\/#website\",\"url\":\"https:\\\/\\\/sharkcompactors.com\\\/\",\"name\":\"Shark Compactors\",\"description\":\"Innovative teknologier til genbrugsindustrien\",\"publisher\":{\"@id\":\"https:\\\/\\\/sharkcompactors.com\\\/#organization\"},\"potentialAction\":[{\"@type\":\"SearchAction\",\"target\":{\"@type\":\"EntryPoint\",\"urlTemplate\":\"https:\\\/\\\/sharkcompactors.com\\\/?s={search_term_string}\"},\"query-input\":{\"@type\":\"PropertyValueSpecification\",\"valueRequired\":true,\"valueName\":\"search_term_string\"}}],\"inLanguage\":\"en-GB\"},{\"@type\":\"Organization\",\"@id\":\"https:\\\/\\\/sharkcompactors.com\\\/#organization\",\"name\":\"Shark Compactors\",\"url\":\"https:\\\/\\\/sharkcompactors.com\\\/\",\"logo\":{\"@type\":\"ImageObject\",\"inLanguage\":\"en-GB\",\"@id\":\"https:\\\/\\\/sharkcompactors.com\\\/#\\\/schema\\\/logo\\\/image\\\/\",\"url\":\"https:\\\/\\\/sharkcompactors.com\\\/wp-content\\\/uploads\\\/2023\\\/02\\\/Logo-SharkCompactors.svg\",\"contentUrl\":\"https:\\\/\\\/sharkcompactors.com\\\/wp-content\\\/uploads\\\/2023\\\/02\\\/Logo-SharkCompactors.svg\",\"width\":1366,\"height\":343,\"caption\":\"Shark Compactors\"},\"image\":{\"@id\":\"https:\\\/\\\/sharkcompactors.com\\\/#\\\/schema\\\/logo\\\/image\\\/\"},\"sameAs\":[\"https:\\\/\\\/www.facebook.com\\\/people\\\/Shark-Compactors\\\/100054347826083\\\/\",\"https:\\\/\\\/www.linkedin.com\\\/company\\\/shark-containers-a-s\\\/\",\"https:\\\/\\\/www.youtube.com\\\/channel\\\/UCfi-te-FX9zF_ah30pPwRQQ\"]}]}<\/script>\n<!-- \/ Yoast SEO plugin. -->","yoast_head_json":{"title":"Containere - Shark Compactors","robots":{"index":"index","follow":"follow","max-snippet":"max-snippet:-1","max-image-preview":"max-image-preview:large","max-video-preview":"max-video-preview:-1"},"canonical":"https:\/\/sharkcompactors.com\/en\/containere\/","og_locale":"en_GB","og_type":"article","og_title":"Containere - Shark Compactors","og_description":"Containere Shark Compactors er eneforhandler af containere fra den polske virksomhed AMG.\u00a0 Produktsortimentet sp\u00e6nder bredt: \u00c5bne, lukkede og specialfremstillede containere efter kundens \u00f8nsker og behov. Kontakt os Har du et sp\u00f8rgsm\u00e5l? Klik for at \u00e5bne brochuren","og_url":"https:\/\/sharkcompactors.com\/en\/containere\/","og_site_name":"Shark Compactors","article_publisher":"https:\/\/www.facebook.com\/people\/Shark-Compactors\/100054347826083\/","article_modified_time":"2025-01-24T07:17:48+00:00","og_image":[{"width":1920,"height":1073,"url":"https:\/\/sharkcompactors.com\/wp-content\/uploads\/2025\/01\/A9135pt4l_12okttz_99c1.png","type":"image\/png"}],"twitter_card":"summary_large_image","twitter_misc":{"Estimated reading time":"1 minute"},"schema":{"@context":"https:\/\/schema.org","@graph":[{"@type":"WebPage","@id":"https:\/\/sharkcompactors.com\/containere\/","url":"https:\/\/sharkcompactors.com\/containere\/","name":"Containere - Shark Compactors","isPartOf":{"@id":"https:\/\/sharkcompactors.com\/#website"},"primaryImageOfPage":{"@id":"https:\/\/sharkcompactors.com\/containere\/#primaryimage"},"image":{"@id":"https:\/\/sharkcompactors.com\/containere\/#primaryimage"},"thumbnailUrl":"https:\/\/sharkcompactors.com\/wp-content\/uploads\/2025\/01\/A9135pt4l_12okttz_99c1.png","datePublished":"2025-01-24T07:01:23+00:00","dateModified":"2025-01-24T07:17:48+00:00","breadcrumb":{"@id":"https:\/\/sharkcompactors.com\/containere\/#breadcrumb"},"inLanguage":"en-GB","potentialAction":[{"@type":"ReadAction","target":["https:\/\/sharkcompactors.com\/containere\/"]}]},{"@type":"ImageObject","inLanguage":"en-GB","@id":"https:\/\/sharkcompactors.com\/containere\/#primaryimage","url":"https:\/\/sharkcompactors.com\/wp-content\/uploads\/2025\/01\/A9135pt4l_12okttz_99c1.png","contentUrl":"https:\/\/sharkcompactors.com\/wp-content\/uploads\/2025\/01\/A9135pt4l_12okttz_99c1.png"},{"@type":"BreadcrumbList","@id":"https:\/\/sharkcompactors.com\/containere\/#breadcrumb","itemListElement":[{"@type":"ListItem","position":1,"name":"Hjem","item":"https:\/\/sharkcompactors.com\/"},{"@type":"ListItem","position":2,"name":"Containere"}]},{"@type":"WebSite","@id":"https:\/\/sharkcompactors.com\/#website","url":"https:\/\/sharkcompactors.com\/","name":"Shark Compactors","description":"Innovative technologies for the recycling industry","publisher":{"@id":"https:\/\/sharkcompactors.com\/#organization"},"potentialAction":[{"@type":"SearchAction","target":{"@type":"EntryPoint","urlTemplate":"https:\/\/sharkcompactors.com\/?s={search_term_string}"},"query-input":{"@type":"PropertyValueSpecification","valueRequired":true,"valueName":"search_term_string"}}],"inLanguage":"en-GB"},{"@type":"Organization","@id":"https:\/\/sharkcompactors.com\/#organization","name":"Shark Compactors","url":"https:\/\/sharkcompactors.com\/","logo":{"@type":"ImageObject","inLanguage":"en-GB","@id":"https:\/\/sharkcompactors.com\/#\/schema\/logo\/image\/","url":"https:\/\/sharkcompactors.com\/wp-content\/uploads\/2023\/02\/Logo-SharkCompactors.svg","contentUrl":"https:\/\/sharkcompactors.com\/wp-content\/uploads\/2023\/02\/Logo-SharkCompactors.svg","width":1366,"height":343,"caption":"Shark Compactors"},"image":{"@id":"https:\/\/sharkcompactors.com\/#\/schema\/logo\/image\/"},"sameAs":["https:\/\/www.facebook.com\/people\/Shark-Compactors\/100054347826083\/","https:\/\/www.linkedin.com\/company\/shark-containers-a-s\/","https:\/\/www.youtube.com\/channel\/UCfi-te-FX9zF_ah30pPwRQQ"]}]}},"_links":{"self":[{"href":"https:\/\/sharkcompactors.com\/en\/wp-json\/wp\/v2\/pages\/2545","targetHints":{"allow":["GET"]}}],"collection":[{"href":"https:\/\/sharkcompactors.com\/en\/wp-json\/wp\/v2\/pages"}],"about":[{"href":"https:\/\/sharkcompactors.com\/en\/wp-json\/wp\/v2\/types\/page"}],"author":[{"embeddable":true,"href":"https:\/\/sharkcompactors.com\/en\/wp-json\/wp\/v2\/users\/1"}],"replies":[{"embeddable":true,"href":"https:\/\/sharkcompactors.com\/en\/wp-json\/wp\/v2\/comments?post=2545"}],"version-history":[{"count":7,"href":"https:\/\/sharkcompactors.com\/en\/wp-json\/wp\/v2\/pages\/2545\/revisions"}],"predecessor-version":[{"id":2560,"href":"https:\/\/sharkcompactors.com\/en\/wp-json\/wp\/v2\/pages\/2545\/revisions\/2560"}],"wp:attachment":[{"href":"https:\/\/sharkcompactors.com\/en\/wp-json\/wp\/v2\/media?parent=2545"}],"curies":[{"name":"wp","href":"https:\/\/api.w.org\/{rel}","templated":true}]}}