{"id":1676,"date":"2024-12-17T09:11:25","date_gmt":"2024-12-17T09:11:25","guid":{"rendered":"https:\/\/sharkcompactors.dk.web08.webtohosting.dk\/?page_id=1676"},"modified":"2025-01-22T13:59:23","modified_gmt":"2025-01-22T13:59:23","slug":"skiltesystemer-til-containere","status":"publish","type":"page","link":"https:\/\/sharkcompactors.com\/en\/shark-loesninger\/skiltesystemer-til-containere\/","title":{"rendered":"Signage systems for containers"},"content":{"rendered":"<div data-elementor-type=\"wp-page\" data-elementor-id=\"1676\" class=\"elementor elementor-1676\" data-elementor-post-type=\"page\">\n\t\t\t\t\t\t<section class=\"elementor-section elementor-top-section elementor-element elementor-element-341933af elementor-section-boxed elementor-section-height-default elementor-section-height-default\" data-id=\"341933af\" data-element_type=\"section\" data-e-type=\"section\" data-settings=\"{&quot;background_background&quot;:&quot;classic&quot;}\">\n\t\t\t\t\t\t<div class=\"elementor-container elementor-column-gap-default\">\n\t\t\t\t\t<div class=\"elementor-column elementor-col-100 elementor-top-column elementor-element elementor-element-162ac15c\" data-id=\"162ac15c\" data-element_type=\"column\" data-e-type=\"column\">\n\t\t\t<div class=\"elementor-widget-wrap elementor-element-populated\">\n\t\t\t\t\t\t<section class=\"elementor-section elementor-inner-section elementor-element elementor-element-6f604cb elementor-reverse-mobile elementor-section-boxed elementor-section-height-default elementor-section-height-default\" data-id=\"6f604cb\" data-element_type=\"section\" data-e-type=\"section\">\n\t\t\t\t\t\t<div class=\"elementor-container elementor-column-gap-default\">\n\t\t\t\t\t<div class=\"elementor-column elementor-col-50 elementor-inner-column elementor-element elementor-element-33b9673a\" data-id=\"33b9673a\" data-element_type=\"column\" data-e-type=\"column\">\n\t\t\t<div class=\"elementor-widget-wrap elementor-element-populated\">\n\t\t\t\t\t\t<div class=\"elementor-element elementor-element-27cc4696 elementor-widget elementor-widget-heading\" data-id=\"27cc4696\" data-element_type=\"widget\" data-e-type=\"widget\" data-widget_type=\"heading.default\">\n\t\t\t\t<div class=\"elementor-widget-container\">\n\t\t\t\t\t<h1 class=\"elementor-heading-title elementor-size-default\">Fraction signs for containers<\/h1>\t\t\t\t<\/div>\n\t\t\t\t<\/div>\n\t\t\t\t<div class=\"elementor-element elementor-element-47f6483 elementor-widget elementor-widget-text-editor\" data-id=\"47f6483\" data-element_type=\"widget\" data-e-type=\"widget\" data-widget_type=\"text-editor.default\">\n\t\t\t\t<div class=\"elementor-widget-container\">\n\t\t\t\t\t\t\t\t\t<p>Shark Compactors has developed a sign system designed to improve the ease of use and safety when handling fraction signs.<\/p><p>This system can be used both as a fixed installation on a concrete edge or with a sign coupling that is, for example, mounted on the front of a container.<\/p>\t\t\t\t\t\t\t\t<\/div>\n\t\t\t\t<\/div>\n\t\t\t\t<div class=\"elementor-element elementor-element-2c60cdc8 elementor-widget__width-auto elementor-widget elementor-widget-button\" data-id=\"2c60cdc8\" data-element_type=\"widget\" data-e-type=\"widget\" data-widget_type=\"button.default\">\n\t\t\t\t<div class=\"elementor-widget-container\">\n\t\t\t\t\t\t\t\t\t<div class=\"elementor-button-wrapper\">\n\t\t\t\t\t<a class=\"elementor-button elementor-button-link elementor-size-sm\" href=\"#form\">\n\t\t\t\t\t\t<span class=\"elementor-button-content-wrapper\">\n\t\t\t\t\t\t\t\t\t<span class=\"elementor-button-text\">Contact us<\/span>\n\t\t\t\t\t<\/span>\n\t\t\t\t\t<\/a>\n\t\t\t\t<\/div>\n\t\t\t\t\t\t\t\t<\/div>\n\t\t\t\t<\/div>\n\t\t\t\t<div class=\"elementor-element elementor-element-67e86114 elementor-widget__width-auto elementor-widget elementor-widget-button\" data-id=\"67e86114\" data-element_type=\"widget\" data-e-type=\"widget\" data-widget_type=\"button.default\">\n\t\t\t\t<div class=\"elementor-widget-container\">\n\t\t\t\t\t\t\t\t\t<div class=\"elementor-button-wrapper\">\n\t\t\t\t\t<a class=\"elementor-button elementor-button-link elementor-size-sm\" href=\"#form\">\n\t\t\t\t\t\t<span class=\"elementor-button-content-wrapper\">\n\t\t\t\t\t\t\t\t\t<span class=\"elementor-button-text\">Do you have a question?<\/span>\n\t\t\t\t\t<\/span>\n\t\t\t\t\t<\/a>\n\t\t\t\t<\/div>\n\t\t\t\t\t\t\t\t<\/div>\n\t\t\t\t<\/div>\n\t\t\t\t<div class=\"elementor-element elementor-element-f65beb1 elementor-widget elementor-widget-price-list\" data-id=\"f65beb1\" data-element_type=\"widget\" data-e-type=\"widget\" data-widget_type=\"price-list.default\">\n\t\t\t\t<div class=\"elementor-widget-container\">\n\t\t\t\t\t\n\t\t<ul class=\"elementor-price-list\">\n\n\t\t\t\t\t\t\t\t\t<li><a class=\"elementor-price-list-item\" href=\"https:\/\/sharkcompactors.com\/wp-content\/uploads\/2024\/12\/Shark_Product_Range.pdf\" target=\"_blank\">\t\t\t\t\n\t\t\t\t<div class=\"elementor-price-list-text\">\n\t\t\t\t\t\t\t\t\t<div class=\"elementor-price-list-header\">\n\t\t\t\t\t\t\t\t\t\t\t<span class=\"elementor-price-list-title\">\n\t\t\t\t\t\t\tProduct brochure\t\t\t\t\t\t<\/span>\n\t\t\t\t\t\t\t\t\t\t\t\t\t\t\t\t\t\t\t\t\t\t\t\t<span class=\"elementor-price-list-price\"><img decoding=\"async\" src=\"\/wp-content\/uploads\/2024\/12\/DownloadPDF.png\" alt=\"SharkCompactorsProductBrochure\">Download PDF<\/span>\n\t\t\t\t\t\t\t\t\t\t<\/div>\n\t\t\t\t\t\t\t\t\t\t\t\t<\/div>\n\t\t\t\t<\/a><\/li>\t\t\t\t\t\n\t\t<\/ul>\n\n\t\t\t\t\t\t<\/div>\n\t\t\t\t<\/div>\n\t\t\t\t\t<\/div>\n\t\t<\/div>\n\t\t\t\t<div class=\"elementor-column elementor-col-50 elementor-inner-column elementor-element elementor-element-5ee0d91f\" data-id=\"5ee0d91f\" data-element_type=\"column\" data-e-type=\"column\">\n\t\t\t<div class=\"elementor-widget-wrap elementor-element-populated\">\n\t\t\t\t\t\t<section class=\"elementor-section elementor-inner-section elementor-element elementor-element-2a2e3052 elementor-section-full_width elementor-section-height-default elementor-section-height-default\" data-id=\"2a2e3052\" data-element_type=\"section\" data-e-type=\"section\">\n\t\t\t\t\t\t<div class=\"elementor-container elementor-column-gap-default\">\n\t\t\t\t\t<div class=\"elementor-column elementor-col-100 elementor-inner-column elementor-element elementor-element-60189e9e\" data-id=\"60189e9e\" data-element_type=\"column\" data-e-type=\"column\">\n\t\t\t<div class=\"elementor-widget-wrap elementor-element-populated\">\n\t\t\t\t\t\t<div class=\"elementor-element elementor-element-6f72bd33 elementor-widget__width-initial elementor-widget elementor-widget-image\" data-id=\"6f72bd33\" data-element_type=\"widget\" data-e-type=\"widget\" data-widget_type=\"image.default\">\n\t\t\t\t<div class=\"elementor-widget-container\">\n\t\t\t\t\t\t\t\t\t\t\t\t\t\t\t<img fetchpriority=\"high\" decoding=\"async\" width=\"175\" height=\"1068\" src=\"https:\/\/sharkcompactors.com\/wp-content\/uploads\/2024\/12\/Skilte-systemer2.png\" class=\"attachment-full size-full wp-image-1679\" alt=\"\" srcset=\"https:\/\/sharkcompactors.com\/wp-content\/uploads\/2024\/12\/Skilte-systemer2.png 175w, https:\/\/sharkcompactors.com\/wp-content\/uploads\/2024\/12\/Skilte-systemer2-49x300.png 49w, https:\/\/sharkcompactors.com\/wp-content\/uploads\/2024\/12\/Skilte-systemer2-168x1024.png 168w\" sizes=\"(max-width: 175px) 100vw, 175px\" \/>\t\t\t\t\t\t\t\t\t\t\t\t\t\t\t<\/div>\n\t\t\t\t<\/div>\n\t\t\t\t<div class=\"elementor-element elementor-element-750284e elementor-widget__width-initial elementor-widget elementor-widget-image\" data-id=\"750284e\" data-element_type=\"widget\" data-e-type=\"widget\" data-widget_type=\"image.default\">\n\t\t\t\t<div class=\"elementor-widget-container\">\n\t\t\t\t\t\t\t\t\t\t\t\t\t\t\t<img decoding=\"async\" width=\"535\" height=\"735\" src=\"https:\/\/sharkcompactors.com\/wp-content\/uploads\/2024\/12\/skiltesystemer.png\" class=\"attachment-full size-full wp-image-1678\" alt=\"Container Skiltesystemer\" srcset=\"https:\/\/sharkcompactors.com\/wp-content\/uploads\/2024\/12\/skiltesystemer.png 535w, https:\/\/sharkcompactors.com\/wp-content\/uploads\/2024\/12\/skiltesystemer-218x300.png 218w\" sizes=\"(max-width: 535px) 100vw, 535px\" \/>\t\t\t\t\t\t\t\t\t\t\t\t\t\t\t<\/div>\n\t\t\t\t<\/div>\n\t\t\t\t\t<\/div>\n\t\t<\/div>\n\t\t\t\t\t<\/div>\n\t\t<\/section>\n\t\t\t\t\t<\/div>\n\t\t<\/div>\n\t\t\t\t\t<\/div>\n\t\t<\/section>\n\t\t\t\t\t<\/div>\n\t\t<\/div>\n\t\t\t\t\t<\/div>\n\t\t<\/section>\n\t\t\t\t<section class=\"elementor-section elementor-top-section elementor-element elementor-element-fceec98 elementor-section-boxed elementor-section-height-default elementor-section-height-default\" data-id=\"fceec98\" data-element_type=\"section\" data-e-type=\"section\" data-settings=\"{&quot;background_background&quot;:&quot;classic&quot;}\">\n\t\t\t\t\t\t<div class=\"elementor-container elementor-column-gap-default\">\n\t\t\t\t\t<div class=\"elementor-column elementor-col-100 elementor-top-column elementor-element elementor-element-f347f85\" data-id=\"f347f85\" data-element_type=\"column\" data-e-type=\"column\">\n\t\t\t<div class=\"elementor-widget-wrap elementor-element-populated\">\n\t\t\t\t\t\t<section class=\"elementor-section elementor-inner-section elementor-element elementor-element-1b33762 elementor-section-boxed elementor-section-height-default elementor-section-height-default\" data-id=\"1b33762\" data-element_type=\"section\" data-e-type=\"section\">\n\t\t\t\t\t\t<div class=\"elementor-container elementor-column-gap-default\">\n\t\t\t\t\t<div class=\"elementor-column elementor-col-50 elementor-inner-column elementor-element elementor-element-a145ec9\" data-id=\"a145ec9\" data-element_type=\"column\" data-e-type=\"column\">\n\t\t\t<div class=\"elementor-widget-wrap elementor-element-populated\">\n\t\t\t\t\t\t<div class=\"elementor-element elementor-element-2c6d02a elementor-widget elementor-widget-image\" data-id=\"2c6d02a\" data-element_type=\"widget\" data-e-type=\"widget\" data-widget_type=\"image.default\">\n\t\t\t\t<div class=\"elementor-widget-container\">\n\t\t\t\t\t\t\t\t\t\t\t\t\t\t\t<img decoding=\"async\" width=\"800\" height=\"600\" src=\"https:\/\/sharkcompactors.com\/wp-content\/uploads\/2025\/01\/Skilte-1024x768.jpg\" class=\"attachment-large size-large wp-image-2539\" alt=\"\" srcset=\"https:\/\/sharkcompactors.com\/wp-content\/uploads\/2025\/01\/Skilte-1024x768.jpg 1024w, https:\/\/sharkcompactors.com\/wp-content\/uploads\/2025\/01\/Skilte-300x225.jpg 300w, https:\/\/sharkcompactors.com\/wp-content\/uploads\/2025\/01\/Skilte-768x576.jpg 768w, https:\/\/sharkcompactors.com\/wp-content\/uploads\/2025\/01\/Skilte-1536x1152.jpg 1536w, https:\/\/sharkcompactors.com\/wp-content\/uploads\/2025\/01\/Skilte-2048x1536.jpg 2048w, https:\/\/sharkcompactors.com\/wp-content\/uploads\/2025\/01\/Skilte-16x12.jpg 16w\" sizes=\"(max-width: 800px) 100vw, 800px\" \/>\t\t\t\t\t\t\t\t\t\t\t\t\t\t\t<\/div>\n\t\t\t\t<\/div>\n\t\t\t\t\t<\/div>\n\t\t<\/div>\n\t\t\t\t<div class=\"elementor-column elementor-col-50 elementor-inner-column elementor-element elementor-element-3e8bb4a\" data-id=\"3e8bb4a\" data-element_type=\"column\" data-e-type=\"column\">\n\t\t\t<div class=\"elementor-widget-wrap elementor-element-populated\">\n\t\t\t\t\t\t<div class=\"elementor-element elementor-element-e88df03 elementor-widget elementor-widget-heading\" data-id=\"e88df03\" data-element_type=\"widget\" data-e-type=\"widget\" data-widget_type=\"heading.default\">\n\t\t\t\t<div class=\"elementor-widget-container\">\n\t\t\t\t\t<h2 class=\"elementor-heading-title elementor-size-default\">Integrated sign system for containers<\/h2>\t\t\t\t<\/div>\n\t\t\t\t<\/div>\n\t\t\t\t<div class=\"elementor-element elementor-element-e951a87 elementor-widget elementor-widget-text-editor\" data-id=\"e951a87\" data-element_type=\"widget\" data-e-type=\"widget\" data-widget_type=\"text-editor.default\">\n\t\t\t\t<div class=\"elementor-widget-container\">\n\t\t\t\t\t\t\t\t\t<p>Label couplings can be easily opened by operators and make it possible to exchange fraction labels or remove them when emptying the container.\u00a0<\/p><p>The sign coupling is protected from external factors and is equipped with an intelligently designed quick release and locking system with key function.<\/p><p>These fraction signs are especially suitable for recycling sites, construction sites, or companies with their own waste facilities with multiple users.<\/p>\t\t\t\t\t\t\t\t<\/div>\n\t\t\t\t<\/div>\n\t\t\t\t<div class=\"elementor-element elementor-element-62a876c elementor-widget elementor-widget-button\" data-id=\"62a876c\" data-element_type=\"widget\" data-e-type=\"widget\" data-widget_type=\"button.default\">\n\t\t\t\t<div class=\"elementor-widget-container\">\n\t\t\t\t\t\t\t\t\t<div class=\"elementor-button-wrapper\">\n\t\t\t\t\t<a class=\"elementor-button elementor-button-link elementor-size-sm\" href=\"\/en\/om-os\/\">\n\t\t\t\t\t\t<span class=\"elementor-button-content-wrapper\">\n\t\t\t\t\t\t\t\t\t<span class=\"elementor-button-text\">About us<\/span>\n\t\t\t\t\t<\/span>\n\t\t\t\t\t<\/a>\n\t\t\t\t<\/div>\n\t\t\t\t\t\t\t\t<\/div>\n\t\t\t\t<\/div>\n\t\t\t\t\t<\/div>\n\t\t<\/div>\n\t\t\t\t\t<\/div>\n\t\t<\/section>\n\t\t\t\t\t<\/div>\n\t\t<\/div>\n\t\t\t\t\t<\/div>\n\t\t<\/section>\n\t\t\t\t<\/div>","protected":false},"excerpt":{"rendered":"<p>Fraktionsskilte til containere Shark Compactors har udviklet et skiltesystem, designet til at forbedre brugervenligheden og sikkerheden ved h\u00e5ndtering at fraktionsskilte. Dette system kan b\u00e5de bruges som en fast montering p\u00e5 en betonkant eller med skiltekobling der fx. er monteret p\u00e5 fronten af en container. Kontakt os Har du et sp\u00f8rgsm\u00e5l? Produkt brochure Download PDF Integreret [&hellip;]<\/p>\n","protected":false},"author":1,"featured_media":1678,"parent":1585,"menu_order":0,"comment_status":"closed","ping_status":"closed","template":"","meta":{"iawp_total_views":158,"footnotes":""},"class_list":["post-1676","page","type-page","status-publish","has-post-thumbnail","hentry"],"yoast_head":"<!-- This site is optimized with the Yoast SEO plugin v27.6 - https:\/\/yoast.com\/product\/yoast-seo-wordpress\/ -->\n<title>Skiltesystemer til containere - Shark Compactors<\/title>\n<meta name=\"description\" content=\"Shark Compactors er en virksomhed, der designer unikke produkter med nyttige og praktiske l\u00f8sninger til relaterede erhvervssektorer.\" \/>\n<meta name=\"robots\" content=\"index, follow, max-snippet:-1, max-image-preview:large, max-video-preview:-1\" \/>\n<link rel=\"canonical\" href=\"https:\/\/sharkcompactors.com\/en\/shark-loesninger\/skiltesystemer-til-containere\/\" \/>\n<meta property=\"og:locale\" content=\"en_GB\" \/>\n<meta property=\"og:type\" content=\"article\" \/>\n<meta property=\"og:title\" content=\"Skiltesystemer til containere - Shark Compactors\" \/>\n<meta property=\"og:description\" content=\"Shark Compactors er en virksomhed, der designer unikke produkter med nyttige og praktiske l\u00f8sninger til relaterede erhvervssektorer.\" \/>\n<meta property=\"og:url\" content=\"https:\/\/sharkcompactors.com\/en\/shark-loesninger\/skiltesystemer-til-containere\/\" \/>\n<meta property=\"og:site_name\" content=\"Shark Compactors\" \/>\n<meta property=\"article:publisher\" content=\"https:\/\/www.facebook.com\/people\/Shark-Compactors\/100054347826083\/\" \/>\n<meta property=\"article:modified_time\" content=\"2025-01-22T13:59:23+00:00\" \/>\n<meta property=\"og:image\" content=\"https:\/\/sharkcompactors.com\/wp-content\/uploads\/2024\/12\/skiltesystemer.png\" \/>\n\t<meta property=\"og:image:width\" content=\"535\" \/>\n\t<meta property=\"og:image:height\" content=\"735\" \/>\n\t<meta property=\"og:image:type\" content=\"image\/png\" \/>\n<meta name=\"twitter:card\" content=\"summary_large_image\" \/>\n<meta name=\"twitter:label1\" content=\"Estimated reading time\" \/>\n\t<meta name=\"twitter:data1\" content=\"2 minutes\" \/>\n<script type=\"application\/ld+json\" class=\"yoast-schema-graph\">{\"@context\":\"https:\\\/\\\/schema.org\",\"@graph\":[{\"@type\":\"WebPage\",\"@id\":\"https:\\\/\\\/sharkcompactors.com\\\/shark-loesninger\\\/skiltesystemer-til-containere\\\/\",\"url\":\"https:\\\/\\\/sharkcompactors.com\\\/shark-loesninger\\\/skiltesystemer-til-containere\\\/\",\"name\":\"Skiltesystemer til containere - Shark Compactors\",\"isPartOf\":{\"@id\":\"https:\\\/\\\/sharkcompactors.com\\\/#website\"},\"primaryImageOfPage\":{\"@id\":\"https:\\\/\\\/sharkcompactors.com\\\/shark-loesninger\\\/skiltesystemer-til-containere\\\/#primaryimage\"},\"image\":{\"@id\":\"https:\\\/\\\/sharkcompactors.com\\\/shark-loesninger\\\/skiltesystemer-til-containere\\\/#primaryimage\"},\"thumbnailUrl\":\"https:\\\/\\\/sharkcompactors.com\\\/wp-content\\\/uploads\\\/2024\\\/12\\\/skiltesystemer.png\",\"datePublished\":\"2024-12-17T09:11:25+00:00\",\"dateModified\":\"2025-01-22T13:59:23+00:00\",\"description\":\"Shark Compactors er en virksomhed, der designer unikke produkter med nyttige og praktiske l\u00f8sninger til relaterede erhvervssektorer.\",\"breadcrumb\":{\"@id\":\"https:\\\/\\\/sharkcompactors.com\\\/shark-loesninger\\\/skiltesystemer-til-containere\\\/#breadcrumb\"},\"inLanguage\":\"en-GB\",\"potentialAction\":[{\"@type\":\"ReadAction\",\"target\":[\"https:\\\/\\\/sharkcompactors.com\\\/shark-loesninger\\\/skiltesystemer-til-containere\\\/\"]}]},{\"@type\":\"ImageObject\",\"inLanguage\":\"en-GB\",\"@id\":\"https:\\\/\\\/sharkcompactors.com\\\/shark-loesninger\\\/skiltesystemer-til-containere\\\/#primaryimage\",\"url\":\"https:\\\/\\\/sharkcompactors.com\\\/wp-content\\\/uploads\\\/2024\\\/12\\\/skiltesystemer.png\",\"contentUrl\":\"https:\\\/\\\/sharkcompactors.com\\\/wp-content\\\/uploads\\\/2024\\\/12\\\/skiltesystemer.png\",\"width\":535,\"height\":735,\"caption\":\"Container Skiltesystemer\"},{\"@type\":\"BreadcrumbList\",\"@id\":\"https:\\\/\\\/sharkcompactors.com\\\/shark-loesninger\\\/skiltesystemer-til-containere\\\/#breadcrumb\",\"itemListElement\":[{\"@type\":\"ListItem\",\"position\":1,\"name\":\"Hjem\",\"item\":\"https:\\\/\\\/sharkcompactors.com\\\/\"},{\"@type\":\"ListItem\",\"position\":2,\"name\":\"Shark l\u00f8sninger\",\"item\":\"https:\\\/\\\/sharkcompactors.com\\\/shark-loesninger\\\/\"},{\"@type\":\"ListItem\",\"position\":3,\"name\":\"Skiltesystemer til containere\"}]},{\"@type\":\"WebSite\",\"@id\":\"https:\\\/\\\/sharkcompactors.com\\\/#website\",\"url\":\"https:\\\/\\\/sharkcompactors.com\\\/\",\"name\":\"Shark Compactors\",\"description\":\"Innovative teknologier til genbrugsindustrien\",\"publisher\":{\"@id\":\"https:\\\/\\\/sharkcompactors.com\\\/#organization\"},\"potentialAction\":[{\"@type\":\"SearchAction\",\"target\":{\"@type\":\"EntryPoint\",\"urlTemplate\":\"https:\\\/\\\/sharkcompactors.com\\\/?s={search_term_string}\"},\"query-input\":{\"@type\":\"PropertyValueSpecification\",\"valueRequired\":true,\"valueName\":\"search_term_string\"}}],\"inLanguage\":\"en-GB\"},{\"@type\":\"Organization\",\"@id\":\"https:\\\/\\\/sharkcompactors.com\\\/#organization\",\"name\":\"Shark Compactors\",\"url\":\"https:\\\/\\\/sharkcompactors.com\\\/\",\"logo\":{\"@type\":\"ImageObject\",\"inLanguage\":\"en-GB\",\"@id\":\"https:\\\/\\\/sharkcompactors.com\\\/#\\\/schema\\\/logo\\\/image\\\/\",\"url\":\"https:\\\/\\\/sharkcompactors.com\\\/wp-content\\\/uploads\\\/2023\\\/02\\\/Logo-SharkCompactors.svg\",\"contentUrl\":\"https:\\\/\\\/sharkcompactors.com\\\/wp-content\\\/uploads\\\/2023\\\/02\\\/Logo-SharkCompactors.svg\",\"width\":1366,\"height\":343,\"caption\":\"Shark Compactors\"},\"image\":{\"@id\":\"https:\\\/\\\/sharkcompactors.com\\\/#\\\/schema\\\/logo\\\/image\\\/\"},\"sameAs\":[\"https:\\\/\\\/www.facebook.com\\\/people\\\/Shark-Compactors\\\/100054347826083\\\/\",\"https:\\\/\\\/www.linkedin.com\\\/company\\\/shark-containers-a-s\\\/\",\"https:\\\/\\\/www.youtube.com\\\/channel\\\/UCfi-te-FX9zF_ah30pPwRQQ\"]}]}<\/script>\n<!-- \/ Yoast SEO plugin. -->","yoast_head_json":{"title":"Signage systems for containers - Shark Compactors","description":"Shark Compactors is a company that designs unique products with useful and practical solutions for related business sectors.","robots":{"index":"index","follow":"follow","max-snippet":"max-snippet:-1","max-image-preview":"max-image-preview:large","max-video-preview":"max-video-preview:-1"},"canonical":"https:\/\/sharkcompactors.com\/en\/shark-loesninger\/skiltesystemer-til-containere\/","og_locale":"en_GB","og_type":"article","og_title":"Skiltesystemer til containere - Shark Compactors","og_description":"Shark Compactors er en virksomhed, der designer unikke produkter med nyttige og praktiske l\u00f8sninger til relaterede erhvervssektorer.","og_url":"https:\/\/sharkcompactors.com\/en\/shark-loesninger\/skiltesystemer-til-containere\/","og_site_name":"Shark Compactors","article_publisher":"https:\/\/www.facebook.com\/people\/Shark-Compactors\/100054347826083\/","article_modified_time":"2025-01-22T13:59:23+00:00","og_image":[{"width":535,"height":735,"url":"https:\/\/sharkcompactors.com\/wp-content\/uploads\/2024\/12\/skiltesystemer.png","type":"image\/png"}],"twitter_card":"summary_large_image","twitter_misc":{"Estimated reading time":"2 minutes"},"schema":{"@context":"https:\/\/schema.org","@graph":[{"@type":"WebPage","@id":"https:\/\/sharkcompactors.com\/shark-loesninger\/skiltesystemer-til-containere\/","url":"https:\/\/sharkcompactors.com\/shark-loesninger\/skiltesystemer-til-containere\/","name":"Signage systems for containers - Shark Compactors","isPartOf":{"@id":"https:\/\/sharkcompactors.com\/#website"},"primaryImageOfPage":{"@id":"https:\/\/sharkcompactors.com\/shark-loesninger\/skiltesystemer-til-containere\/#primaryimage"},"image":{"@id":"https:\/\/sharkcompactors.com\/shark-loesninger\/skiltesystemer-til-containere\/#primaryimage"},"thumbnailUrl":"https:\/\/sharkcompactors.com\/wp-content\/uploads\/2024\/12\/skiltesystemer.png","datePublished":"2024-12-17T09:11:25+00:00","dateModified":"2025-01-22T13:59:23+00:00","description":"Shark Compactors is a company that designs unique products with useful and practical solutions for related business sectors.","breadcrumb":{"@id":"https:\/\/sharkcompactors.com\/shark-loesninger\/skiltesystemer-til-containere\/#breadcrumb"},"inLanguage":"en-GB","potentialAction":[{"@type":"ReadAction","target":["https:\/\/sharkcompactors.com\/shark-loesninger\/skiltesystemer-til-containere\/"]}]},{"@type":"ImageObject","inLanguage":"en-GB","@id":"https:\/\/sharkcompactors.com\/shark-loesninger\/skiltesystemer-til-containere\/#primaryimage","url":"https:\/\/sharkcompactors.com\/wp-content\/uploads\/2024\/12\/skiltesystemer.png","contentUrl":"https:\/\/sharkcompactors.com\/wp-content\/uploads\/2024\/12\/skiltesystemer.png","width":535,"height":735,"caption":"Container Skiltesystemer"},{"@type":"BreadcrumbList","@id":"https:\/\/sharkcompactors.com\/shark-loesninger\/skiltesystemer-til-containere\/#breadcrumb","itemListElement":[{"@type":"ListItem","position":1,"name":"Hjem","item":"https:\/\/sharkcompactors.com\/"},{"@type":"ListItem","position":2,"name":"Shark l\u00f8sninger","item":"https:\/\/sharkcompactors.com\/shark-loesninger\/"},{"@type":"ListItem","position":3,"name":"Skiltesystemer til containere"}]},{"@type":"WebSite","@id":"https:\/\/sharkcompactors.com\/#website","url":"https:\/\/sharkcompactors.com\/","name":"Shark Compactors","description":"Innovative technologies for the recycling industry","publisher":{"@id":"https:\/\/sharkcompactors.com\/#organization"},"potentialAction":[{"@type":"SearchAction","target":{"@type":"EntryPoint","urlTemplate":"https:\/\/sharkcompactors.com\/?s={search_term_string}"},"query-input":{"@type":"PropertyValueSpecification","valueRequired":true,"valueName":"search_term_string"}}],"inLanguage":"en-GB"},{"@type":"Organization","@id":"https:\/\/sharkcompactors.com\/#organization","name":"Shark Compactors","url":"https:\/\/sharkcompactors.com\/","logo":{"@type":"ImageObject","inLanguage":"en-GB","@id":"https:\/\/sharkcompactors.com\/#\/schema\/logo\/image\/","url":"https:\/\/sharkcompactors.com\/wp-content\/uploads\/2023\/02\/Logo-SharkCompactors.svg","contentUrl":"https:\/\/sharkcompactors.com\/wp-content\/uploads\/2023\/02\/Logo-SharkCompactors.svg","width":1366,"height":343,"caption":"Shark Compactors"},"image":{"@id":"https:\/\/sharkcompactors.com\/#\/schema\/logo\/image\/"},"sameAs":["https:\/\/www.facebook.com\/people\/Shark-Compactors\/100054347826083\/","https:\/\/www.linkedin.com\/company\/shark-containers-a-s\/","https:\/\/www.youtube.com\/channel\/UCfi-te-FX9zF_ah30pPwRQQ"]}]}},"_links":{"self":[{"href":"https:\/\/sharkcompactors.com\/en\/wp-json\/wp\/v2\/pages\/1676","targetHints":{"allow":["GET"]}}],"collection":[{"href":"https:\/\/sharkcompactors.com\/en\/wp-json\/wp\/v2\/pages"}],"about":[{"href":"https:\/\/sharkcompactors.com\/en\/wp-json\/wp\/v2\/types\/page"}],"author":[{"embeddable":true,"href":"https:\/\/sharkcompactors.com\/en\/wp-json\/wp\/v2\/users\/1"}],"replies":[{"embeddable":true,"href":"https:\/\/sharkcompactors.com\/en\/wp-json\/wp\/v2\/comments?post=1676"}],"version-history":[{"count":31,"href":"https:\/\/sharkcompactors.com\/en\/wp-json\/wp\/v2\/pages\/1676\/revisions"}],"predecessor-version":[{"id":2543,"href":"https:\/\/sharkcompactors.com\/en\/wp-json\/wp\/v2\/pages\/1676\/revisions\/2543"}],"up":[{"embeddable":true,"href":"https:\/\/sharkcompactors.com\/en\/wp-json\/wp\/v2\/pages\/1585"}],"wp:featuredmedia":[{"embeddable":true,"href":"https:\/\/sharkcompactors.com\/en\/wp-json\/wp\/v2\/media\/1678"}],"wp:attachment":[{"href":"https:\/\/sharkcompactors.com\/en\/wp-json\/wp\/v2\/media?parent=1676"}],"curies":[{"name":"wp","href":"https:\/\/api.w.org\/{rel}","templated":true}]}}