{"id":1668,"date":"2024-12-17T09:00:13","date_gmt":"2024-12-17T09:00:13","guid":{"rendered":"https:\/\/sharkcompactors.dk.web08.webtohosting.dk\/?page_id=1668"},"modified":"2024-12-19T11:41:31","modified_gmt":"2024-12-19T11:41:31","slug":"hydraulisk-pumpe","status":"publish","type":"page","link":"https:\/\/sharkcompactors.com\/en\/shark-loesninger\/hydraulisk-pumpe\/","title":{"rendered":"Hydraulic pump"},"content":{"rendered":"\t\t<div data-elementor-type=\"wp-page\" data-elementor-id=\"1668\" class=\"elementor elementor-1668\" data-elementor-post-type=\"page\">\n\t\t\t\t\t\t<section class=\"elementor-section elementor-top-section elementor-element elementor-element-1430f3b elementor-section-boxed elementor-section-height-default elementor-section-height-default\" data-id=\"1430f3b\" data-element_type=\"section\" data-e-type=\"section\" data-settings=\"{&quot;background_background&quot;:&quot;classic&quot;}\">\n\t\t\t\t\t\t<div class=\"elementor-container elementor-column-gap-default\">\n\t\t\t\t\t<div class=\"elementor-column elementor-col-100 elementor-top-column elementor-element elementor-element-59253d7\" data-id=\"59253d7\" data-element_type=\"column\" data-e-type=\"column\">\n\t\t\t<div class=\"elementor-widget-wrap elementor-element-populated\">\n\t\t\t\t\t\t<section class=\"elementor-section elementor-inner-section elementor-element elementor-element-3f061ae elementor-reverse-mobile elementor-section-boxed elementor-section-height-default elementor-section-height-default\" data-id=\"3f061ae\" data-element_type=\"section\" data-e-type=\"section\">\n\t\t\t\t\t\t<div class=\"elementor-container elementor-column-gap-default\">\n\t\t\t\t\t<div class=\"elementor-column elementor-col-50 elementor-inner-column elementor-element elementor-element-310cb0a\" data-id=\"310cb0a\" data-element_type=\"column\" data-e-type=\"column\">\n\t\t\t<div class=\"elementor-widget-wrap elementor-element-populated\">\n\t\t\t\t\t\t<div class=\"elementor-element elementor-element-80be3d1 elementor-widget elementor-widget-heading\" data-id=\"80be3d1\" data-element_type=\"widget\" data-e-type=\"widget\" data-widget_type=\"heading.default\">\n\t\t\t\t<div class=\"elementor-widget-container\">\n\t\t\t\t\t<h1 class=\"elementor-heading-title elementor-size-default\">Shark Compactors - Hydraulisk pumpe<\/h1>\t\t\t\t<\/div>\n\t\t\t\t<\/div>\n\t\t\t\t<div class=\"elementor-element elementor-element-b193740 elementor-widget elementor-widget-text-editor\" data-id=\"b193740\" data-element_type=\"widget\" data-e-type=\"widget\" data-widget_type=\"text-editor.default\">\n\t\t\t\t<div class=\"elementor-widget-container\">\n\t\t\t\t\t\t\t\t\t<p>Shark Compactors har udviklet en enkel og robust pumpeenhed, der kan betjenes manuelt eller ved at bruge en elektrisk skruemaskine. Anvendelsen af \u200b\u200bpumpen er typisk til \u00e5bning af tagoverbygninger p\u00e5 containere.<\/p><p>Shark Compactors tilbyder ogs\u00e5 forskellige tagl\u00f8sninger, hvad enten det er enkeltsidet \u00e5bning eller dobbeltsidet \u00e5bning.<\/p>\t\t\t\t\t\t\t\t<\/div>\n\t\t\t\t<\/div>\n\t\t\t\t<div class=\"elementor-element elementor-element-d40de7c elementor-widget__width-auto elementor-widget elementor-widget-button\" data-id=\"d40de7c\" data-element_type=\"widget\" data-e-type=\"widget\" data-widget_type=\"button.default\">\n\t\t\t\t<div class=\"elementor-widget-container\">\n\t\t\t\t\t\t\t\t\t<div class=\"elementor-button-wrapper\">\n\t\t\t\t\t<a class=\"elementor-button elementor-button-link elementor-size-sm\" href=\"#form\">\n\t\t\t\t\t\t<span class=\"elementor-button-content-wrapper\">\n\t\t\t\t\t\t\t\t\t<span class=\"elementor-button-text\">Kontakt os<\/span>\n\t\t\t\t\t<\/span>\n\t\t\t\t\t<\/a>\n\t\t\t\t<\/div>\n\t\t\t\t\t\t\t\t<\/div>\n\t\t\t\t<\/div>\n\t\t\t\t<div class=\"elementor-element elementor-element-18e006f elementor-widget__width-auto elementor-widget elementor-widget-button\" data-id=\"18e006f\" data-element_type=\"widget\" data-e-type=\"widget\" data-widget_type=\"button.default\">\n\t\t\t\t<div class=\"elementor-widget-container\">\n\t\t\t\t\t\t\t\t\t<div class=\"elementor-button-wrapper\">\n\t\t\t\t\t<a class=\"elementor-button elementor-button-link elementor-size-sm\" href=\"#form\">\n\t\t\t\t\t\t<span class=\"elementor-button-content-wrapper\">\n\t\t\t\t\t\t\t\t\t<span class=\"elementor-button-text\">Har du et sp\u00f8rgsm\u00e5l?<\/span>\n\t\t\t\t\t<\/span>\n\t\t\t\t\t<\/a>\n\t\t\t\t<\/div>\n\t\t\t\t\t\t\t\t<\/div>\n\t\t\t\t<\/div>\n\t\t\t\t<div class=\"elementor-element elementor-element-8d9fe8c elementor-widget elementor-widget-price-list\" data-id=\"8d9fe8c\" data-element_type=\"widget\" data-e-type=\"widget\" data-widget_type=\"price-list.default\">\n\t\t\t\t<div class=\"elementor-widget-container\">\n\t\t\t\t\t\n\t\t<ul class=\"elementor-price-list\">\n\n\t\t\t\t\t\t\t\t\t<li><a class=\"elementor-price-list-item\" href=\"https:\/\/sharkcompactors.com\/wp-content\/uploads\/2024\/12\/Shark_Product_Range.pdf\" target=\"_blank\">\t\t\t\t\n\t\t\t\t<div class=\"elementor-price-list-text\">\n\t\t\t\t\t\t\t\t\t<div class=\"elementor-price-list-header\">\n\t\t\t\t\t\t\t\t\t\t\t<span class=\"elementor-price-list-title\">\n\t\t\t\t\t\t\tProdukt brochure\t\t\t\t\t\t<\/span>\n\t\t\t\t\t\t\t\t\t\t\t\t\t\t\t\t\t\t\t\t\t\t\t\t<span class=\"elementor-price-list-price\"><img decoding=\"async\" src=\"\/wp-content\/uploads\/2024\/12\/DownloadPDF.png\" alt=\"SharkCompactorsProductBrochure\">Download PDF<\/span>\n\t\t\t\t\t\t\t\t\t\t<\/div>\n\t\t\t\t\t\t\t\t\t\t\t\t<\/div>\n\t\t\t\t<\/a><\/li>\t\t\t\t\t\n\t\t<\/ul>\n\n\t\t\t\t\t\t<\/div>\n\t\t\t\t<\/div>\n\t\t\t\t\t<\/div>\n\t\t<\/div>\n\t\t\t\t<div class=\"elementor-column elementor-col-50 elementor-inner-column elementor-element elementor-element-d814062\" data-id=\"d814062\" data-element_type=\"column\" data-e-type=\"column\">\n\t\t\t<div class=\"elementor-widget-wrap elementor-element-populated\">\n\t\t\t\t\t\t<section class=\"elementor-section elementor-inner-section elementor-element elementor-element-5b1aa13 elementor-section-full_width elementor-section-height-default elementor-section-height-default\" data-id=\"5b1aa13\" data-element_type=\"section\" data-e-type=\"section\" data-settings=\"{&quot;sticky&quot;:&quot;top&quot;,&quot;sticky_on&quot;:[&quot;desktop&quot;,&quot;tablet&quot;],&quot;sticky_offset&quot;:100,&quot;sticky_parent&quot;:&quot;yes&quot;,&quot;sticky_effects_offset&quot;:0,&quot;sticky_anchor_link_offset&quot;:0}\">\n\t\t\t\t\t\t<div class=\"elementor-container elementor-column-gap-default\">\n\t\t\t\t\t<div class=\"elementor-column elementor-col-100 elementor-inner-column elementor-element elementor-element-447a518\" data-id=\"447a518\" data-element_type=\"column\" data-e-type=\"column\">\n\t\t\t<div class=\"elementor-widget-wrap elementor-element-populated\">\n\t\t\t\t\t\t<div class=\"elementor-element elementor-element-079129a elementor-widget__width-initial elementor-widget elementor-widget-image\" data-id=\"079129a\" data-element_type=\"widget\" data-e-type=\"widget\" data-widget_type=\"image.default\">\n\t\t\t\t<div class=\"elementor-widget-container\">\n\t\t\t\t\t\t\t\t\t\t\t\t\t\t\t<img fetchpriority=\"high\" decoding=\"async\" width=\"512\" height=\"475\" src=\"https:\/\/sharkcompactors.com\/wp-content\/uploads\/2024\/12\/Hydraulisk-pumpe3.png\" class=\"attachment-full size-full wp-image-1671\" alt=\"Shark Compactors - Hydraulisk pumpe\" srcset=\"https:\/\/sharkcompactors.com\/wp-content\/uploads\/2024\/12\/Hydraulisk-pumpe3.png 512w, https:\/\/sharkcompactors.com\/wp-content\/uploads\/2024\/12\/Hydraulisk-pumpe3-300x278.png 300w\" sizes=\"(max-width: 512px) 100vw, 512px\" \/>\t\t\t\t\t\t\t\t\t\t\t\t\t\t\t<\/div>\n\t\t\t\t<\/div>\n\t\t\t\t<div class=\"elementor-element elementor-element-d5d0459 elementor-widget__width-initial elementor-widget elementor-widget-image\" data-id=\"d5d0459\" data-element_type=\"widget\" data-e-type=\"widget\" data-widget_type=\"image.default\">\n\t\t\t\t<div class=\"elementor-widget-container\">\n\t\t\t\t\t\t\t\t\t\t\t\t\t\t\t<img decoding=\"async\" width=\"555\" height=\"755\" src=\"https:\/\/sharkcompactors.com\/wp-content\/uploads\/2024\/12\/Hydraulisk-pumpe.png\" class=\"attachment-full size-full wp-image-1670\" alt=\"\" srcset=\"https:\/\/sharkcompactors.com\/wp-content\/uploads\/2024\/12\/Hydraulisk-pumpe.png 555w, https:\/\/sharkcompactors.com\/wp-content\/uploads\/2024\/12\/Hydraulisk-pumpe-221x300.png 221w\" sizes=\"(max-width: 555px) 100vw, 555px\" \/>\t\t\t\t\t\t\t\t\t\t\t\t\t\t\t<\/div>\n\t\t\t\t<\/div>\n\t\t\t\t<div class=\"elementor-element elementor-element-0978e73 elementor-widget__width-initial elementor-absolute elementor-widget elementor-widget-image\" data-id=\"0978e73\" data-element_type=\"widget\" data-e-type=\"widget\" data-settings=\"{&quot;_position&quot;:&quot;absolute&quot;}\" data-widget_type=\"image.default\">\n\t\t\t\t<div class=\"elementor-widget-container\">\n\t\t\t\t\t\t\t\t\t\t\t\t\t\t\t<img decoding=\"async\" width=\"549\" height=\"549\" src=\"https:\/\/sharkcompactors.com\/wp-content\/uploads\/2024\/12\/Hydraulisk-pump1.png\" class=\"attachment-full size-full wp-image-1672\" alt=\"\" srcset=\"https:\/\/sharkcompactors.com\/wp-content\/uploads\/2024\/12\/Hydraulisk-pump1.png 549w, https:\/\/sharkcompactors.com\/wp-content\/uploads\/2024\/12\/Hydraulisk-pump1-300x300.png 300w, https:\/\/sharkcompactors.com\/wp-content\/uploads\/2024\/12\/Hydraulisk-pump1-150x150.png 150w\" sizes=\"(max-width: 549px) 100vw, 549px\" \/>\t\t\t\t\t\t\t\t\t\t\t\t\t\t\t<\/div>\n\t\t\t\t<\/div>\n\t\t\t\t\t<\/div>\n\t\t<\/div>\n\t\t\t\t\t<\/div>\n\t\t<\/section>\n\t\t\t\t\t<\/div>\n\t\t<\/div>\n\t\t\t\t\t<\/div>\n\t\t<\/section>\n\t\t\t\t\t<\/div>\n\t\t<\/div>\n\t\t\t\t\t<\/div>\n\t\t<\/section>\n\t\t\t\t<\/div>\n\t\t","protected":false},"excerpt":{"rendered":"<p>Shark Compactors &#8211; Hydraulisk pumpe Shark Compactors har udviklet en enkel og robust pumpeenhed, der kan betjenes manuelt eller ved at bruge en elektrisk skruemaskine. Anvendelsen af \u200b\u200bpumpen er typisk til \u00e5bning af tagoverbygninger p\u00e5 containere. Shark Compactors tilbyder ogs\u00e5 forskellige tagl\u00f8sninger, hvad enten det er enkeltsidet \u00e5bning eller dobbeltsidet \u00e5bning. Kontakt os Har du [&hellip;]<\/p>\n","protected":false},"author":1,"featured_media":1671,"parent":1585,"menu_order":0,"comment_status":"closed","ping_status":"closed","template":"","meta":{"iawp_total_views":174,"footnotes":""},"class_list":["post-1668","page","type-page","status-publish","has-post-thumbnail","hentry"],"yoast_head":"<!-- This site is optimized with the Yoast SEO plugin v27.4 - https:\/\/yoast.com\/product\/yoast-seo-wordpress\/ -->\n<title>Hydraulisk pumpe - Shark Compactors<\/title>\n<meta name=\"description\" content=\"Shark Compactors har udviklet en enkel og robust pumpeenhed, der kan betjenes manuelt eller ved at bruge en elektrisk skruemaskine.\" \/>\n<meta name=\"robots\" content=\"index, follow, max-snippet:-1, max-image-preview:large, max-video-preview:-1\" \/>\n<link rel=\"canonical\" href=\"https:\/\/sharkcompactors.com\/en\/shark-loesninger\/hydraulisk-pumpe\/\" \/>\n<meta property=\"og:locale\" content=\"en_GB\" \/>\n<meta property=\"og:type\" content=\"article\" \/>\n<meta property=\"og:title\" content=\"Hydraulisk pumpe - Shark Compactors\" \/>\n<meta property=\"og:description\" content=\"Shark Compactors har udviklet en enkel og robust pumpeenhed, der kan betjenes manuelt eller ved at bruge en elektrisk skruemaskine.\" \/>\n<meta property=\"og:url\" content=\"https:\/\/sharkcompactors.com\/en\/shark-loesninger\/hydraulisk-pumpe\/\" \/>\n<meta property=\"og:site_name\" content=\"Shark Compactors\" \/>\n<meta property=\"article:publisher\" content=\"https:\/\/www.facebook.com\/people\/Shark-Compactors\/100054347826083\/\" \/>\n<meta property=\"article:modified_time\" content=\"2024-12-19T11:41:31+00:00\" \/>\n<meta property=\"og:image\" content=\"https:\/\/sharkcompactors.com\/wp-content\/uploads\/2024\/12\/Hydraulisk-pumpe3.png\" \/>\n\t<meta property=\"og:image:width\" content=\"512\" \/>\n\t<meta property=\"og:image:height\" content=\"475\" \/>\n\t<meta property=\"og:image:type\" content=\"image\/png\" \/>\n<meta name=\"twitter:card\" content=\"summary_large_image\" \/>\n<meta name=\"twitter:label1\" content=\"Estimated reading time\" \/>\n\t<meta name=\"twitter:data1\" content=\"2 minutes\" \/>\n<script type=\"application\/ld+json\" class=\"yoast-schema-graph\">{\"@context\":\"https:\\\/\\\/schema.org\",\"@graph\":[{\"@type\":\"WebPage\",\"@id\":\"https:\\\/\\\/sharkcompactors.com\\\/shark-loesninger\\\/hydraulisk-pumpe\\\/\",\"url\":\"https:\\\/\\\/sharkcompactors.com\\\/shark-loesninger\\\/hydraulisk-pumpe\\\/\",\"name\":\"Hydraulisk pumpe - Shark Compactors\",\"isPartOf\":{\"@id\":\"https:\\\/\\\/sharkcompactors.com\\\/#website\"},\"primaryImageOfPage\":{\"@id\":\"https:\\\/\\\/sharkcompactors.com\\\/shark-loesninger\\\/hydraulisk-pumpe\\\/#primaryimage\"},\"image\":{\"@id\":\"https:\\\/\\\/sharkcompactors.com\\\/shark-loesninger\\\/hydraulisk-pumpe\\\/#primaryimage\"},\"thumbnailUrl\":\"https:\\\/\\\/sharkcompactors.com\\\/wp-content\\\/uploads\\\/2024\\\/12\\\/Hydraulisk-pumpe3.png\",\"datePublished\":\"2024-12-17T09:00:13+00:00\",\"dateModified\":\"2024-12-19T11:41:31+00:00\",\"description\":\"Shark Compactors har udviklet en enkel og robust pumpeenhed, der kan betjenes manuelt eller ved at bruge en elektrisk skruemaskine.\",\"breadcrumb\":{\"@id\":\"https:\\\/\\\/sharkcompactors.com\\\/shark-loesninger\\\/hydraulisk-pumpe\\\/#breadcrumb\"},\"inLanguage\":\"en-GB\",\"potentialAction\":[{\"@type\":\"ReadAction\",\"target\":[\"https:\\\/\\\/sharkcompactors.com\\\/shark-loesninger\\\/hydraulisk-pumpe\\\/\"]}]},{\"@type\":\"ImageObject\",\"inLanguage\":\"en-GB\",\"@id\":\"https:\\\/\\\/sharkcompactors.com\\\/shark-loesninger\\\/hydraulisk-pumpe\\\/#primaryimage\",\"url\":\"https:\\\/\\\/sharkcompactors.com\\\/wp-content\\\/uploads\\\/2024\\\/12\\\/Hydraulisk-pumpe3.png\",\"contentUrl\":\"https:\\\/\\\/sharkcompactors.com\\\/wp-content\\\/uploads\\\/2024\\\/12\\\/Hydraulisk-pumpe3.png\",\"width\":512,\"height\":475,\"caption\":\"Shark Compactors - Hydraulisk pumpe\"},{\"@type\":\"BreadcrumbList\",\"@id\":\"https:\\\/\\\/sharkcompactors.com\\\/shark-loesninger\\\/hydraulisk-pumpe\\\/#breadcrumb\",\"itemListElement\":[{\"@type\":\"ListItem\",\"position\":1,\"name\":\"Hjem\",\"item\":\"https:\\\/\\\/sharkcompactors.com\\\/\"},{\"@type\":\"ListItem\",\"position\":2,\"name\":\"Shark l\u00f8sninger\",\"item\":\"https:\\\/\\\/sharkcompactors.com\\\/shark-loesninger\\\/\"},{\"@type\":\"ListItem\",\"position\":3,\"name\":\"Hydraulisk pumpe\"}]},{\"@type\":\"WebSite\",\"@id\":\"https:\\\/\\\/sharkcompactors.com\\\/#website\",\"url\":\"https:\\\/\\\/sharkcompactors.com\\\/\",\"name\":\"Shark Compactors\",\"description\":\"Innovative teknologier til genbrugsindustrien\",\"publisher\":{\"@id\":\"https:\\\/\\\/sharkcompactors.com\\\/#organization\"},\"potentialAction\":[{\"@type\":\"SearchAction\",\"target\":{\"@type\":\"EntryPoint\",\"urlTemplate\":\"https:\\\/\\\/sharkcompactors.com\\\/?s={search_term_string}\"},\"query-input\":{\"@type\":\"PropertyValueSpecification\",\"valueRequired\":true,\"valueName\":\"search_term_string\"}}],\"inLanguage\":\"en-GB\"},{\"@type\":\"Organization\",\"@id\":\"https:\\\/\\\/sharkcompactors.com\\\/#organization\",\"name\":\"Shark Compactors\",\"url\":\"https:\\\/\\\/sharkcompactors.com\\\/\",\"logo\":{\"@type\":\"ImageObject\",\"inLanguage\":\"en-GB\",\"@id\":\"https:\\\/\\\/sharkcompactors.com\\\/#\\\/schema\\\/logo\\\/image\\\/\",\"url\":\"https:\\\/\\\/sharkcompactors.com\\\/wp-content\\\/uploads\\\/2023\\\/02\\\/Logo-SharkCompactors.svg\",\"contentUrl\":\"https:\\\/\\\/sharkcompactors.com\\\/wp-content\\\/uploads\\\/2023\\\/02\\\/Logo-SharkCompactors.svg\",\"width\":1366,\"height\":343,\"caption\":\"Shark Compactors\"},\"image\":{\"@id\":\"https:\\\/\\\/sharkcompactors.com\\\/#\\\/schema\\\/logo\\\/image\\\/\"},\"sameAs\":[\"https:\\\/\\\/www.facebook.com\\\/people\\\/Shark-Compactors\\\/100054347826083\\\/\",\"https:\\\/\\\/www.linkedin.com\\\/company\\\/shark-containers-a-s\\\/\",\"https:\\\/\\\/www.youtube.com\\\/channel\\\/UCfi-te-FX9zF_ah30pPwRQQ\"]}]}<\/script>\n<!-- \/ Yoast SEO plugin. -->","yoast_head_json":{"title":"Hydraulisk pumpe - Shark Compactors","description":"Shark Compactors har udviklet en enkel og robust pumpeenhed, der kan betjenes manuelt eller ved at bruge en elektrisk skruemaskine.","robots":{"index":"index","follow":"follow","max-snippet":"max-snippet:-1","max-image-preview":"max-image-preview:large","max-video-preview":"max-video-preview:-1"},"canonical":"https:\/\/sharkcompactors.com\/en\/shark-loesninger\/hydraulisk-pumpe\/","og_locale":"en_GB","og_type":"article","og_title":"Hydraulisk pumpe - Shark Compactors","og_description":"Shark Compactors har udviklet en enkel og robust pumpeenhed, der kan betjenes manuelt eller ved at bruge en elektrisk skruemaskine.","og_url":"https:\/\/sharkcompactors.com\/en\/shark-loesninger\/hydraulisk-pumpe\/","og_site_name":"Shark Compactors","article_publisher":"https:\/\/www.facebook.com\/people\/Shark-Compactors\/100054347826083\/","article_modified_time":"2024-12-19T11:41:31+00:00","og_image":[{"width":512,"height":475,"url":"https:\/\/sharkcompactors.com\/wp-content\/uploads\/2024\/12\/Hydraulisk-pumpe3.png","type":"image\/png"}],"twitter_card":"summary_large_image","twitter_misc":{"Estimated reading time":"2 minutes"},"schema":{"@context":"https:\/\/schema.org","@graph":[{"@type":"WebPage","@id":"https:\/\/sharkcompactors.com\/shark-loesninger\/hydraulisk-pumpe\/","url":"https:\/\/sharkcompactors.com\/shark-loesninger\/hydraulisk-pumpe\/","name":"Hydraulisk pumpe - Shark Compactors","isPartOf":{"@id":"https:\/\/sharkcompactors.com\/#website"},"primaryImageOfPage":{"@id":"https:\/\/sharkcompactors.com\/shark-loesninger\/hydraulisk-pumpe\/#primaryimage"},"image":{"@id":"https:\/\/sharkcompactors.com\/shark-loesninger\/hydraulisk-pumpe\/#primaryimage"},"thumbnailUrl":"https:\/\/sharkcompactors.com\/wp-content\/uploads\/2024\/12\/Hydraulisk-pumpe3.png","datePublished":"2024-12-17T09:00:13+00:00","dateModified":"2024-12-19T11:41:31+00:00","description":"Shark Compactors har udviklet en enkel og robust pumpeenhed, der kan betjenes manuelt eller ved at bruge en elektrisk skruemaskine.","breadcrumb":{"@id":"https:\/\/sharkcompactors.com\/shark-loesninger\/hydraulisk-pumpe\/#breadcrumb"},"inLanguage":"en-GB","potentialAction":[{"@type":"ReadAction","target":["https:\/\/sharkcompactors.com\/shark-loesninger\/hydraulisk-pumpe\/"]}]},{"@type":"ImageObject","inLanguage":"en-GB","@id":"https:\/\/sharkcompactors.com\/shark-loesninger\/hydraulisk-pumpe\/#primaryimage","url":"https:\/\/sharkcompactors.com\/wp-content\/uploads\/2024\/12\/Hydraulisk-pumpe3.png","contentUrl":"https:\/\/sharkcompactors.com\/wp-content\/uploads\/2024\/12\/Hydraulisk-pumpe3.png","width":512,"height":475,"caption":"Shark Compactors - Hydraulisk pumpe"},{"@type":"BreadcrumbList","@id":"https:\/\/sharkcompactors.com\/shark-loesninger\/hydraulisk-pumpe\/#breadcrumb","itemListElement":[{"@type":"ListItem","position":1,"name":"Hjem","item":"https:\/\/sharkcompactors.com\/"},{"@type":"ListItem","position":2,"name":"Shark l\u00f8sninger","item":"https:\/\/sharkcompactors.com\/shark-loesninger\/"},{"@type":"ListItem","position":3,"name":"Hydraulisk pumpe"}]},{"@type":"WebSite","@id":"https:\/\/sharkcompactors.com\/#website","url":"https:\/\/sharkcompactors.com\/","name":"Shark Compactors","description":"Innovative technologies for the recycling industry","publisher":{"@id":"https:\/\/sharkcompactors.com\/#organization"},"potentialAction":[{"@type":"SearchAction","target":{"@type":"EntryPoint","urlTemplate":"https:\/\/sharkcompactors.com\/?s={search_term_string}"},"query-input":{"@type":"PropertyValueSpecification","valueRequired":true,"valueName":"search_term_string"}}],"inLanguage":"en-GB"},{"@type":"Organization","@id":"https:\/\/sharkcompactors.com\/#organization","name":"Shark Compactors","url":"https:\/\/sharkcompactors.com\/","logo":{"@type":"ImageObject","inLanguage":"en-GB","@id":"https:\/\/sharkcompactors.com\/#\/schema\/logo\/image\/","url":"https:\/\/sharkcompactors.com\/wp-content\/uploads\/2023\/02\/Logo-SharkCompactors.svg","contentUrl":"https:\/\/sharkcompactors.com\/wp-content\/uploads\/2023\/02\/Logo-SharkCompactors.svg","width":1366,"height":343,"caption":"Shark Compactors"},"image":{"@id":"https:\/\/sharkcompactors.com\/#\/schema\/logo\/image\/"},"sameAs":["https:\/\/www.facebook.com\/people\/Shark-Compactors\/100054347826083\/","https:\/\/www.linkedin.com\/company\/shark-containers-a-s\/","https:\/\/www.youtube.com\/channel\/UCfi-te-FX9zF_ah30pPwRQQ"]}]}},"_links":{"self":[{"href":"https:\/\/sharkcompactors.com\/en\/wp-json\/wp\/v2\/pages\/1668","targetHints":{"allow":["GET"]}}],"collection":[{"href":"https:\/\/sharkcompactors.com\/en\/wp-json\/wp\/v2\/pages"}],"about":[{"href":"https:\/\/sharkcompactors.com\/en\/wp-json\/wp\/v2\/types\/page"}],"author":[{"embeddable":true,"href":"https:\/\/sharkcompactors.com\/en\/wp-json\/wp\/v2\/users\/1"}],"replies":[{"embeddable":true,"href":"https:\/\/sharkcompactors.com\/en\/wp-json\/wp\/v2\/comments?post=1668"}],"version-history":[{"count":7,"href":"https:\/\/sharkcompactors.com\/en\/wp-json\/wp\/v2\/pages\/1668\/revisions"}],"predecessor-version":[{"id":1967,"href":"https:\/\/sharkcompactors.com\/en\/wp-json\/wp\/v2\/pages\/1668\/revisions\/1967"}],"up":[{"embeddable":true,"href":"https:\/\/sharkcompactors.com\/en\/wp-json\/wp\/v2\/pages\/1585"}],"wp:featuredmedia":[{"embeddable":true,"href":"https:\/\/sharkcompactors.com\/en\/wp-json\/wp\/v2\/media\/1671"}],"wp:attachment":[{"href":"https:\/\/sharkcompactors.com\/en\/wp-json\/wp\/v2\/media?parent=1668"}],"curies":[{"name":"wp","href":"https:\/\/api.w.org\/{rel}","templated":true}]}}