{"id":1655,"date":"2024-12-17T08:40:46","date_gmt":"2024-12-17T08:40:46","guid":{"rendered":"https:\/\/sharkcompactors.dk.web08.webtohosting.dk\/?page_id=1655"},"modified":"2025-03-28T01:37:33","modified_gmt":"2025-03-28T01:37:33","slug":"transport-haandtag","status":"publish","type":"page","link":"https:\/\/sharkcompactors.com\/en\/shark-loesninger\/transport-haandtag\/","title":{"rendered":"Open front container"},"content":{"rendered":"\t\t<div data-elementor-type=\"wp-page\" data-elementor-id=\"1655\" class=\"elementor elementor-1655\" data-elementor-post-type=\"page\">\n\t\t\t\t\t\t<section class=\"elementor-section elementor-top-section elementor-element elementor-element-25596802 elementor-section-boxed elementor-section-height-default elementor-section-height-default\" data-id=\"25596802\" data-element_type=\"section\" data-e-type=\"section\" data-settings=\"{&quot;background_background&quot;:&quot;classic&quot;}\">\n\t\t\t\t\t\t<div class=\"elementor-container elementor-column-gap-default\">\n\t\t\t\t\t<div class=\"elementor-column elementor-col-100 elementor-top-column elementor-element elementor-element-1a99e4f3\" data-id=\"1a99e4f3\" data-element_type=\"column\" data-e-type=\"column\">\n\t\t\t<div class=\"elementor-widget-wrap elementor-element-populated\">\n\t\t\t\t\t\t<section class=\"elementor-section elementor-inner-section elementor-element elementor-element-7fa2d60d elementor-reverse-mobile elementor-section-boxed elementor-section-height-default elementor-section-height-default\" data-id=\"7fa2d60d\" data-element_type=\"section\" data-e-type=\"section\">\n\t\t\t\t\t\t<div class=\"elementor-container elementor-column-gap-default\">\n\t\t\t\t\t<div class=\"elementor-column elementor-col-50 elementor-inner-column elementor-element elementor-element-7d562fda\" data-id=\"7d562fda\" data-element_type=\"column\" data-e-type=\"column\">\n\t\t\t<div class=\"elementor-widget-wrap elementor-element-populated\">\n\t\t\t\t\t\t<div class=\"elementor-element elementor-element-7ad8ffc elementor-widget elementor-widget-heading\" data-id=\"7ad8ffc\" data-element_type=\"widget\" data-e-type=\"widget\" data-widget_type=\"heading.default\">\n\t\t\t\t<div class=\"elementor-widget-container\">\n\t\t\t\t\t<h1 class=\"elementor-heading-title elementor-size-default\">\u00c5ben front container beregnet til kroghejs<\/h1>\t\t\t\t<\/div>\n\t\t\t\t<\/div>\n\t\t\t\t<div class=\"elementor-element elementor-element-280f2e4b elementor-widget elementor-widget-text-editor\" data-id=\"280f2e4b\" data-element_type=\"widget\" data-e-type=\"widget\" data-widget_type=\"text-editor.default\">\n\t\t\t\t<div class=\"elementor-widget-container\">\n\t\t\t\t\t\t\t\t\t<p>Med denne l\u00f8sning forenkles transporten og brugen af \u00e5bne containere betydeligt. Den store fordel ved at bruge \u00e5ben front l\u00f8sningen er, at containeren kan stilles direkte op ad en v\u00e6g eller lignende og der er direkte adgang til containeren fra fronten.<\/p><p>Denne l\u00f8sning medf\u00f8rer en stor reduktion af det n\u00f8dvendige areal til containerh\u00e5ndtering.<\/p><p>D\u00f8ren i fronten er en to-delt d\u00f8r, der enten kan \u00e5bnes 75% eller alternativt i hele containerens bredde. Hovedd\u00f8ren giver nem adgang til hele containeren og giver mange anvendelsesmuligheder til mange forskellige fraktioner.<\/p><p>Den integrerede krogb\u00f8jle i ford\u00f8ren er designet til en l\u00f8ftekapacitet p\u00e5 18 tons.<\/p>\t\t\t\t\t\t\t\t<\/div>\n\t\t\t\t<\/div>\n\t\t\t\t<div class=\"elementor-element elementor-element-50744890 elementor-widget__width-auto elementor-widget elementor-widget-button\" data-id=\"50744890\" data-element_type=\"widget\" data-e-type=\"widget\" data-widget_type=\"button.default\">\n\t\t\t\t<div class=\"elementor-widget-container\">\n\t\t\t\t\t\t\t\t\t<div class=\"elementor-button-wrapper\">\n\t\t\t\t\t<a class=\"elementor-button elementor-button-link elementor-size-sm\" href=\"#form\">\n\t\t\t\t\t\t<span class=\"elementor-button-content-wrapper\">\n\t\t\t\t\t\t\t\t\t<span class=\"elementor-button-text\">Kontakt os<\/span>\n\t\t\t\t\t<\/span>\n\t\t\t\t\t<\/a>\n\t\t\t\t<\/div>\n\t\t\t\t\t\t\t\t<\/div>\n\t\t\t\t<\/div>\n\t\t\t\t<div class=\"elementor-element elementor-element-4fc73414 elementor-widget__width-auto elementor-widget elementor-widget-button\" data-id=\"4fc73414\" data-element_type=\"widget\" data-e-type=\"widget\" data-widget_type=\"button.default\">\n\t\t\t\t<div class=\"elementor-widget-container\">\n\t\t\t\t\t\t\t\t\t<div class=\"elementor-button-wrapper\">\n\t\t\t\t\t<a class=\"elementor-button elementor-button-link elementor-size-sm\" href=\"#form\">\n\t\t\t\t\t\t<span class=\"elementor-button-content-wrapper\">\n\t\t\t\t\t\t\t\t\t<span class=\"elementor-button-text\">Har du et sp\u00f8rgsm\u00e5l?<\/span>\n\t\t\t\t\t<\/span>\n\t\t\t\t\t<\/a>\n\t\t\t\t<\/div>\n\t\t\t\t\t\t\t\t<\/div>\n\t\t\t\t<\/div>\n\t\t\t\t<div class=\"elementor-element elementor-element-209c048 elementor-widget elementor-widget-price-list\" data-id=\"209c048\" data-element_type=\"widget\" data-e-type=\"widget\" data-widget_type=\"price-list.default\">\n\t\t\t\t<div class=\"elementor-widget-container\">\n\t\t\t\t\t\n\t\t<ul class=\"elementor-price-list\">\n\n\t\t\t\t\t\t\t\t\t<li><a class=\"elementor-price-list-item\" href=\"https:\/\/sharkcompactors.com\/wp-content\/uploads\/2024\/12\/Shark_Product_Range.pdf\" target=\"_blank\">\t\t\t\t\n\t\t\t\t<div class=\"elementor-price-list-text\">\n\t\t\t\t\t\t\t\t\t<div class=\"elementor-price-list-header\">\n\t\t\t\t\t\t\t\t\t\t\t<span class=\"elementor-price-list-title\">\n\t\t\t\t\t\t\tProdukt brochure\t\t\t\t\t\t<\/span>\n\t\t\t\t\t\t\t\t\t\t\t\t\t\t\t\t\t\t\t\t\t\t\t\t<span class=\"elementor-price-list-price\"><img decoding=\"async\" src=\"\/wp-content\/uploads\/2024\/12\/DownloadPDF.png\" alt=\"SharkCompactorsProductBrochure\">Download PDF<\/span>\n\t\t\t\t\t\t\t\t\t\t<\/div>\n\t\t\t\t\t\t\t\t\t\t\t\t<\/div>\n\t\t\t\t<\/a><\/li>\t\t\t\t\t\n\t\t<\/ul>\n\n\t\t\t\t\t\t<\/div>\n\t\t\t\t<\/div>\n\t\t\t\t<div class=\"elementor-element elementor-element-20efaa5 elementor-widget elementor-widget-image\" data-id=\"20efaa5\" data-element_type=\"widget\" data-e-type=\"widget\" data-widget_type=\"image.default\">\n\t\t\t\t<div class=\"elementor-widget-container\">\n\t\t\t\t\t\t\t\t\t\t\t\t\t\t\t<img fetchpriority=\"high\" decoding=\"async\" width=\"640\" height=\"478\" src=\"https:\/\/sharkcompactors.com\/wp-content\/uploads\/2025\/01\/Aaben-front.jpg\" class=\"attachment-large size-large wp-image-2633\" alt=\"\" srcset=\"https:\/\/sharkcompactors.com\/wp-content\/uploads\/2025\/01\/Aaben-front.jpg 640w, https:\/\/sharkcompactors.com\/wp-content\/uploads\/2025\/01\/Aaben-front-300x224.jpg 300w, https:\/\/sharkcompactors.com\/wp-content\/uploads\/2025\/01\/Aaben-front-16x12.jpg 16w\" sizes=\"(max-width: 640px) 100vw, 640px\" \/>\t\t\t\t\t\t\t\t\t\t\t\t\t\t\t<\/div>\n\t\t\t\t<\/div>\n\t\t\t\t\t<\/div>\n\t\t<\/div>\n\t\t\t\t<div class=\"elementor-column elementor-col-50 elementor-inner-column elementor-element elementor-element-d3c2fff\" data-id=\"d3c2fff\" data-element_type=\"column\" data-e-type=\"column\">\n\t\t\t<div class=\"elementor-widget-wrap elementor-element-populated\">\n\t\t\t\t\t\t<section class=\"elementor-section elementor-inner-section elementor-element elementor-element-56b4f600 elementor-section-full_width elementor-section-height-default elementor-section-height-default\" data-id=\"56b4f600\" data-element_type=\"section\" data-e-type=\"section\" data-settings=\"{&quot;sticky&quot;:&quot;top&quot;,&quot;sticky_on&quot;:[&quot;desktop&quot;,&quot;tablet&quot;],&quot;sticky_offset&quot;:100,&quot;sticky_parent&quot;:&quot;yes&quot;,&quot;sticky_effects_offset&quot;:0,&quot;sticky_anchor_link_offset&quot;:0}\">\n\t\t\t\t\t\t<div class=\"elementor-container elementor-column-gap-default\">\n\t\t\t\t\t<div class=\"elementor-column elementor-col-100 elementor-inner-column elementor-element elementor-element-5a22f5fc\" data-id=\"5a22f5fc\" data-element_type=\"column\" data-e-type=\"column\">\n\t\t\t<div class=\"elementor-widget-wrap elementor-element-populated\">\n\t\t\t\t\t\t<div class=\"elementor-element elementor-element-eb381ec elementor-widget elementor-widget-image\" data-id=\"eb381ec\" data-element_type=\"widget\" data-e-type=\"widget\" data-widget_type=\"image.default\">\n\t\t\t\t<div class=\"elementor-widget-container\">\n\t\t\t\t\t\t\t\t\t\t\t\t\t\t\t<img decoding=\"async\" width=\"676\" height=\"318\" src=\"https:\/\/sharkcompactors.com\/wp-content\/uploads\/2024\/12\/Transport-haandtag.png\" class=\"attachment-full size-full wp-image-1658\" alt=\"\" srcset=\"https:\/\/sharkcompactors.com\/wp-content\/uploads\/2024\/12\/Transport-haandtag.png 676w, https:\/\/sharkcompactors.com\/wp-content\/uploads\/2024\/12\/Transport-haandtag-300x141.png 300w\" sizes=\"(max-width: 676px) 100vw, 676px\" \/>\t\t\t\t\t\t\t\t\t\t\t\t\t\t\t<\/div>\n\t\t\t\t<\/div>\n\t\t\t\t<div class=\"elementor-element elementor-element-9846cc7 elementor-widget__width-initial elementor-absolute elementor-widget elementor-widget-image\" data-id=\"9846cc7\" data-element_type=\"widget\" data-e-type=\"widget\" data-settings=\"{&quot;_position&quot;:&quot;absolute&quot;}\" data-widget_type=\"image.default\">\n\t\t\t\t<div class=\"elementor-widget-container\">\n\t\t\t\t\t\t\t\t\t\t\t\t\t\t\t<img decoding=\"async\" width=\"408\" height=\"409\" src=\"https:\/\/sharkcompactors.com\/wp-content\/uploads\/2024\/12\/Transport-haandtag1.png\" class=\"attachment-full size-full wp-image-1657\" alt=\"Front\u00e5bning p\u00e5 container med transporth\u00e5ndtag\" srcset=\"https:\/\/sharkcompactors.com\/wp-content\/uploads\/2024\/12\/Transport-haandtag1.png 408w, https:\/\/sharkcompactors.com\/wp-content\/uploads\/2024\/12\/Transport-haandtag1-300x300.png 300w, https:\/\/sharkcompactors.com\/wp-content\/uploads\/2024\/12\/Transport-haandtag1-150x150.png 150w\" sizes=\"(max-width: 408px) 100vw, 408px\" \/>\t\t\t\t\t\t\t\t\t\t\t\t\t\t\t<\/div>\n\t\t\t\t<\/div>\n\t\t\t\t\t<\/div>\n\t\t<\/div>\n\t\t\t\t\t<\/div>\n\t\t<\/section>\n\t\t\t\t\t<\/div>\n\t\t<\/div>\n\t\t\t\t\t<\/div>\n\t\t<\/section>\n\t\t\t\t\t<\/div>\n\t\t<\/div>\n\t\t\t\t\t<\/div>\n\t\t<\/section>\n\t\t\t\t<\/div>\n\t\t","protected":false},"excerpt":{"rendered":"<p>\u00c5ben front container beregnet til kroghejs Med denne l\u00f8sning forenkles transporten og brugen af \u00e5bne containere betydeligt. Den store fordel ved at bruge \u00e5ben front l\u00f8sningen er, at containeren kan stilles direkte op ad en v\u00e6g eller lignende og der er direkte adgang til containeren fra fronten. Denne l\u00f8sning medf\u00f8rer en stor reduktion af det [&hellip;]<\/p>\n","protected":false},"author":1,"featured_media":1657,"parent":1585,"menu_order":0,"comment_status":"closed","ping_status":"closed","template":"","meta":{"iawp_total_views":197,"footnotes":""},"class_list":["post-1655","page","type-page","status-publish","has-post-thumbnail","hentry"],"yoast_head":"<!-- This site is optimized with the Yoast SEO plugin v27.6 - https:\/\/yoast.com\/product\/yoast-seo-wordpress\/ -->\n<title>Front\u00e5bning p\u00e5 container med transporth\u00e5ndtag - Shark Compactors<\/title>\n<meta name=\"description\" content=\"Front\u00e5bning p\u00e5 container med transporth\u00e5ndtag - Med denne l\u00f8sning forenkles transporten og brugen af \u00e5bne beholdere betydeligt.\" \/>\n<meta name=\"robots\" content=\"index, follow, max-snippet:-1, max-image-preview:large, max-video-preview:-1\" \/>\n<link rel=\"canonical\" href=\"https:\/\/sharkcompactors.com\/en\/shark-loesninger\/transport-haandtag\/\" \/>\n<meta property=\"og:locale\" content=\"en_GB\" \/>\n<meta property=\"og:type\" content=\"article\" \/>\n<meta property=\"og:title\" content=\"Front\u00e5bning p\u00e5 container med transporth\u00e5ndtag - Shark Compactors\" \/>\n<meta property=\"og:description\" content=\"Front\u00e5bning p\u00e5 container med transporth\u00e5ndtag - Med denne l\u00f8sning forenkles transporten og brugen af \u00e5bne beholdere betydeligt.\" \/>\n<meta property=\"og:url\" content=\"https:\/\/sharkcompactors.com\/en\/shark-loesninger\/transport-haandtag\/\" \/>\n<meta property=\"og:site_name\" content=\"Shark Compactors\" \/>\n<meta property=\"article:publisher\" content=\"https:\/\/www.facebook.com\/people\/Shark-Compactors\/100054347826083\/\" \/>\n<meta property=\"article:modified_time\" content=\"2025-03-28T01:37:33+00:00\" \/>\n<meta property=\"og:image\" content=\"https:\/\/sharkcompactors.com\/wp-content\/uploads\/2024\/12\/Transport-haandtag1.png\" \/>\n\t<meta property=\"og:image:width\" content=\"408\" \/>\n\t<meta property=\"og:image:height\" content=\"409\" \/>\n\t<meta property=\"og:image:type\" content=\"image\/png\" \/>\n<meta name=\"twitter:card\" content=\"summary_large_image\" \/>\n<meta name=\"twitter:label1\" content=\"Estimated reading time\" \/>\n\t<meta name=\"twitter:data1\" content=\"2 minutes\" \/>\n<script type=\"application\/ld+json\" class=\"yoast-schema-graph\">{\"@context\":\"https:\\\/\\\/schema.org\",\"@graph\":[{\"@type\":\"WebPage\",\"@id\":\"https:\\\/\\\/sharkcompactors.com\\\/shark-loesninger\\\/transport-haandtag\\\/\",\"url\":\"https:\\\/\\\/sharkcompactors.com\\\/shark-loesninger\\\/transport-haandtag\\\/\",\"name\":\"Front\u00e5bning p\u00e5 container med transporth\u00e5ndtag - Shark Compactors\",\"isPartOf\":{\"@id\":\"https:\\\/\\\/sharkcompactors.com\\\/#website\"},\"primaryImageOfPage\":{\"@id\":\"https:\\\/\\\/sharkcompactors.com\\\/shark-loesninger\\\/transport-haandtag\\\/#primaryimage\"},\"image\":{\"@id\":\"https:\\\/\\\/sharkcompactors.com\\\/shark-loesninger\\\/transport-haandtag\\\/#primaryimage\"},\"thumbnailUrl\":\"https:\\\/\\\/sharkcompactors.com\\\/wp-content\\\/uploads\\\/2024\\\/12\\\/Transport-haandtag1.png\",\"datePublished\":\"2024-12-17T08:40:46+00:00\",\"dateModified\":\"2025-03-28T01:37:33+00:00\",\"description\":\"Front\u00e5bning p\u00e5 container med transporth\u00e5ndtag - Med denne l\u00f8sning forenkles transporten og brugen af \u00e5bne beholdere betydeligt.\",\"breadcrumb\":{\"@id\":\"https:\\\/\\\/sharkcompactors.com\\\/shark-loesninger\\\/transport-haandtag\\\/#breadcrumb\"},\"inLanguage\":\"en-GB\",\"potentialAction\":[{\"@type\":\"ReadAction\",\"target\":[\"https:\\\/\\\/sharkcompactors.com\\\/shark-loesninger\\\/transport-haandtag\\\/\"]}]},{\"@type\":\"ImageObject\",\"inLanguage\":\"en-GB\",\"@id\":\"https:\\\/\\\/sharkcompactors.com\\\/shark-loesninger\\\/transport-haandtag\\\/#primaryimage\",\"url\":\"https:\\\/\\\/sharkcompactors.com\\\/wp-content\\\/uploads\\\/2024\\\/12\\\/Transport-haandtag1.png\",\"contentUrl\":\"https:\\\/\\\/sharkcompactors.com\\\/wp-content\\\/uploads\\\/2024\\\/12\\\/Transport-haandtag1.png\",\"width\":408,\"height\":409,\"caption\":\"Front\u00e5bning p\u00e5 container med transporth\u00e5ndtag\"},{\"@type\":\"BreadcrumbList\",\"@id\":\"https:\\\/\\\/sharkcompactors.com\\\/shark-loesninger\\\/transport-haandtag\\\/#breadcrumb\",\"itemListElement\":[{\"@type\":\"ListItem\",\"position\":1,\"name\":\"Hjem\",\"item\":\"https:\\\/\\\/sharkcompactors.com\\\/\"},{\"@type\":\"ListItem\",\"position\":2,\"name\":\"Shark l\u00f8sninger\",\"item\":\"https:\\\/\\\/sharkcompactors.com\\\/shark-loesninger\\\/\"},{\"@type\":\"ListItem\",\"position\":3,\"name\":\"\u00c5ben front container\"}]},{\"@type\":\"WebSite\",\"@id\":\"https:\\\/\\\/sharkcompactors.com\\\/#website\",\"url\":\"https:\\\/\\\/sharkcompactors.com\\\/\",\"name\":\"Shark Compactors\",\"description\":\"Innovative teknologier til genbrugsindustrien\",\"publisher\":{\"@id\":\"https:\\\/\\\/sharkcompactors.com\\\/#organization\"},\"potentialAction\":[{\"@type\":\"SearchAction\",\"target\":{\"@type\":\"EntryPoint\",\"urlTemplate\":\"https:\\\/\\\/sharkcompactors.com\\\/?s={search_term_string}\"},\"query-input\":{\"@type\":\"PropertyValueSpecification\",\"valueRequired\":true,\"valueName\":\"search_term_string\"}}],\"inLanguage\":\"en-GB\"},{\"@type\":\"Organization\",\"@id\":\"https:\\\/\\\/sharkcompactors.com\\\/#organization\",\"name\":\"Shark Compactors\",\"url\":\"https:\\\/\\\/sharkcompactors.com\\\/\",\"logo\":{\"@type\":\"ImageObject\",\"inLanguage\":\"en-GB\",\"@id\":\"https:\\\/\\\/sharkcompactors.com\\\/#\\\/schema\\\/logo\\\/image\\\/\",\"url\":\"https:\\\/\\\/sharkcompactors.com\\\/wp-content\\\/uploads\\\/2023\\\/02\\\/Logo-SharkCompactors.svg\",\"contentUrl\":\"https:\\\/\\\/sharkcompactors.com\\\/wp-content\\\/uploads\\\/2023\\\/02\\\/Logo-SharkCompactors.svg\",\"width\":1366,\"height\":343,\"caption\":\"Shark Compactors\"},\"image\":{\"@id\":\"https:\\\/\\\/sharkcompactors.com\\\/#\\\/schema\\\/logo\\\/image\\\/\"},\"sameAs\":[\"https:\\\/\\\/www.facebook.com\\\/people\\\/Shark-Compactors\\\/100054347826083\\\/\",\"https:\\\/\\\/www.linkedin.com\\\/company\\\/shark-containers-a-s\\\/\",\"https:\\\/\\\/www.youtube.com\\\/channel\\\/UCfi-te-FX9zF_ah30pPwRQQ\"]}]}<\/script>\n<!-- \/ Yoast SEO plugin. -->","yoast_head_json":{"title":"Front opening on container with transport handle - Shark Compactors","description":"Front opening on container with transport handle - This solution significantly simplifies the transport and use of open containers.","robots":{"index":"index","follow":"follow","max-snippet":"max-snippet:-1","max-image-preview":"max-image-preview:large","max-video-preview":"max-video-preview:-1"},"canonical":"https:\/\/sharkcompactors.com\/en\/shark-loesninger\/transport-haandtag\/","og_locale":"en_GB","og_type":"article","og_title":"Front\u00e5bning p\u00e5 container med transporth\u00e5ndtag - Shark Compactors","og_description":"Front\u00e5bning p\u00e5 container med transporth\u00e5ndtag - Med denne l\u00f8sning forenkles transporten og brugen af \u00e5bne beholdere betydeligt.","og_url":"https:\/\/sharkcompactors.com\/en\/shark-loesninger\/transport-haandtag\/","og_site_name":"Shark Compactors","article_publisher":"https:\/\/www.facebook.com\/people\/Shark-Compactors\/100054347826083\/","article_modified_time":"2025-03-28T01:37:33+00:00","og_image":[{"width":408,"height":409,"url":"https:\/\/sharkcompactors.com\/wp-content\/uploads\/2024\/12\/Transport-haandtag1.png","type":"image\/png"}],"twitter_card":"summary_large_image","twitter_misc":{"Estimated reading time":"2 minutes"},"schema":{"@context":"https:\/\/schema.org","@graph":[{"@type":"WebPage","@id":"https:\/\/sharkcompactors.com\/shark-loesninger\/transport-haandtag\/","url":"https:\/\/sharkcompactors.com\/shark-loesninger\/transport-haandtag\/","name":"Front opening on container with transport handle - Shark Compactors","isPartOf":{"@id":"https:\/\/sharkcompactors.com\/#website"},"primaryImageOfPage":{"@id":"https:\/\/sharkcompactors.com\/shark-loesninger\/transport-haandtag\/#primaryimage"},"image":{"@id":"https:\/\/sharkcompactors.com\/shark-loesninger\/transport-haandtag\/#primaryimage"},"thumbnailUrl":"https:\/\/sharkcompactors.com\/wp-content\/uploads\/2024\/12\/Transport-haandtag1.png","datePublished":"2024-12-17T08:40:46+00:00","dateModified":"2025-03-28T01:37:33+00:00","description":"Front opening on container with transport handle - This solution significantly simplifies the transport and use of open containers.","breadcrumb":{"@id":"https:\/\/sharkcompactors.com\/shark-loesninger\/transport-haandtag\/#breadcrumb"},"inLanguage":"en-GB","potentialAction":[{"@type":"ReadAction","target":["https:\/\/sharkcompactors.com\/shark-loesninger\/transport-haandtag\/"]}]},{"@type":"ImageObject","inLanguage":"en-GB","@id":"https:\/\/sharkcompactors.com\/shark-loesninger\/transport-haandtag\/#primaryimage","url":"https:\/\/sharkcompactors.com\/wp-content\/uploads\/2024\/12\/Transport-haandtag1.png","contentUrl":"https:\/\/sharkcompactors.com\/wp-content\/uploads\/2024\/12\/Transport-haandtag1.png","width":408,"height":409,"caption":"Front\u00e5bning p\u00e5 container med transporth\u00e5ndtag"},{"@type":"BreadcrumbList","@id":"https:\/\/sharkcompactors.com\/shark-loesninger\/transport-haandtag\/#breadcrumb","itemListElement":[{"@type":"ListItem","position":1,"name":"Hjem","item":"https:\/\/sharkcompactors.com\/"},{"@type":"ListItem","position":2,"name":"Shark l\u00f8sninger","item":"https:\/\/sharkcompactors.com\/shark-loesninger\/"},{"@type":"ListItem","position":3,"name":"\u00c5ben front container"}]},{"@type":"WebSite","@id":"https:\/\/sharkcompactors.com\/#website","url":"https:\/\/sharkcompactors.com\/","name":"Shark Compactors","description":"Innovative technologies for the recycling industry","publisher":{"@id":"https:\/\/sharkcompactors.com\/#organization"},"potentialAction":[{"@type":"SearchAction","target":{"@type":"EntryPoint","urlTemplate":"https:\/\/sharkcompactors.com\/?s={search_term_string}"},"query-input":{"@type":"PropertyValueSpecification","valueRequired":true,"valueName":"search_term_string"}}],"inLanguage":"en-GB"},{"@type":"Organization","@id":"https:\/\/sharkcompactors.com\/#organization","name":"Shark Compactors","url":"https:\/\/sharkcompactors.com\/","logo":{"@type":"ImageObject","inLanguage":"en-GB","@id":"https:\/\/sharkcompactors.com\/#\/schema\/logo\/image\/","url":"https:\/\/sharkcompactors.com\/wp-content\/uploads\/2023\/02\/Logo-SharkCompactors.svg","contentUrl":"https:\/\/sharkcompactors.com\/wp-content\/uploads\/2023\/02\/Logo-SharkCompactors.svg","width":1366,"height":343,"caption":"Shark Compactors"},"image":{"@id":"https:\/\/sharkcompactors.com\/#\/schema\/logo\/image\/"},"sameAs":["https:\/\/www.facebook.com\/people\/Shark-Compactors\/100054347826083\/","https:\/\/www.linkedin.com\/company\/shark-containers-a-s\/","https:\/\/www.youtube.com\/channel\/UCfi-te-FX9zF_ah30pPwRQQ"]}]}},"_links":{"self":[{"href":"https:\/\/sharkcompactors.com\/en\/wp-json\/wp\/v2\/pages\/1655","targetHints":{"allow":["GET"]}}],"collection":[{"href":"https:\/\/sharkcompactors.com\/en\/wp-json\/wp\/v2\/pages"}],"about":[{"href":"https:\/\/sharkcompactors.com\/en\/wp-json\/wp\/v2\/types\/page"}],"author":[{"embeddable":true,"href":"https:\/\/sharkcompactors.com\/en\/wp-json\/wp\/v2\/users\/1"}],"replies":[{"embeddable":true,"href":"https:\/\/sharkcompactors.com\/en\/wp-json\/wp\/v2\/comments?post=1655"}],"version-history":[{"count":35,"href":"https:\/\/sharkcompactors.com\/en\/wp-json\/wp\/v2\/pages\/1655\/revisions"}],"predecessor-version":[{"id":2825,"href":"https:\/\/sharkcompactors.com\/en\/wp-json\/wp\/v2\/pages\/1655\/revisions\/2825"}],"up":[{"embeddable":true,"href":"https:\/\/sharkcompactors.com\/en\/wp-json\/wp\/v2\/pages\/1585"}],"wp:featuredmedia":[{"embeddable":true,"href":"https:\/\/sharkcompactors.com\/en\/wp-json\/wp\/v2\/media\/1657"}],"wp:attachment":[{"href":"https:\/\/sharkcompactors.com\/en\/wp-json\/wp\/v2\/media?parent=1655"}],"curies":[{"name":"wp","href":"https:\/\/api.w.org\/{rel}","templated":true}]}}