{"id":1201,"date":"2024-11-05T10:51:00","date_gmt":"2024-11-05T10:51:00","guid":{"rendered":"https:\/\/sharkcompactors.dk.web08.webtohosting.dk\/?page_id=1201"},"modified":"2025-10-24T08:17:12","modified_gmt":"2025-10-24T08:17:12","slug":"service","status":"publish","type":"page","link":"https:\/\/sharkcompactors.com\/en\/service\/","title":{"rendered":"Container &amp; hydraulic service"},"content":{"rendered":"\t\t<div data-elementor-type=\"wp-page\" data-elementor-id=\"1201\" class=\"elementor elementor-1201\" data-elementor-post-type=\"page\">\n\t\t\t\t\t\t<section class=\"elementor-section elementor-top-section elementor-element elementor-element-4a5e232 elementor-section-height-min-height elementor-section-boxed elementor-section-height-default elementor-section-items-middle\" data-id=\"4a5e232\" data-element_type=\"section\" data-e-type=\"section\" data-settings=\"{&quot;background_background&quot;:&quot;classic&quot;}\">\n\t\t\t\t\t\t\t<div class=\"elementor-background-overlay\"><\/div>\n\t\t\t\t\t\t\t<div class=\"elementor-container elementor-column-gap-default\">\n\t\t\t\t\t<div class=\"elementor-column elementor-col-100 elementor-top-column elementor-element elementor-element-da2467f\" data-id=\"da2467f\" data-element_type=\"column\" data-e-type=\"column\">\n\t\t\t<div class=\"elementor-widget-wrap elementor-element-populated\">\n\t\t\t\t\t\t<div class=\"elementor-element elementor-element-ba03185 elementor-widget elementor-widget-heading\" data-id=\"ba03185\" data-element_type=\"widget\" data-e-type=\"widget\" data-widget_type=\"heading.default\">\n\t\t\t\t<div class=\"elementor-widget-container\">\n\t\t\t\t\t<h1 class=\"elementor-heading-title elementor-size-default\">Service af hydraulik og containere<\/h1>\t\t\t\t<\/div>\n\t\t\t\t<\/div>\n\t\t\t\t<div class=\"elementor-element elementor-element-9bf459f elementor-widget elementor-widget-text-editor\" data-id=\"9bf459f\" data-element_type=\"widget\" data-e-type=\"widget\" data-widget_type=\"text-editor.default\">\n\t\t\t\t<div class=\"elementor-widget-container\">\n\t\t\t\t\t\t\t\t\t<p>Hos Shark Compactors f\u00e5r du en service i h\u00f8j kvalitet af dine hydrauliske systemer eller containere, uanset hvor i verden du har adresse.<\/p>\t\t\t\t\t\t\t\t<\/div>\n\t\t\t\t<\/div>\n\t\t\t\t\t<\/div>\n\t\t<\/div>\n\t\t\t\t\t<\/div>\n\t\t<\/section>\n\t\t\t\t<section class=\"elementor-section elementor-top-section elementor-element elementor-element-e991658 elementor-section-boxed elementor-section-height-default elementor-section-height-default\" data-id=\"e991658\" data-element_type=\"section\" data-e-type=\"section\" data-settings=\"{&quot;background_background&quot;:&quot;classic&quot;}\">\n\t\t\t\t\t\t<div class=\"elementor-container elementor-column-gap-default\">\n\t\t\t\t\t<div class=\"elementor-column elementor-col-100 elementor-top-column elementor-element elementor-element-ae4b09e\" data-id=\"ae4b09e\" data-element_type=\"column\" data-e-type=\"column\">\n\t\t\t<div class=\"elementor-widget-wrap elementor-element-populated\">\n\t\t\t\t\t\t<section class=\"elementor-section elementor-inner-section elementor-element elementor-element-2ef36cd elementor-section-boxed elementor-section-height-default elementor-section-height-default\" data-id=\"2ef36cd\" data-element_type=\"section\" data-e-type=\"section\">\n\t\t\t\t\t\t<div class=\"elementor-container elementor-column-gap-default\">\n\t\t\t\t\t<div class=\"elementor-column elementor-col-50 elementor-inner-column elementor-element elementor-element-d34836a\" data-id=\"d34836a\" data-element_type=\"column\" data-e-type=\"column\">\n\t\t\t<div class=\"elementor-widget-wrap elementor-element-populated\">\n\t\t\t\t\t\t<div class=\"elementor-element elementor-element-be29f09 elementor-widget__width-initial elementor-widget elementor-widget-image\" data-id=\"be29f09\" data-element_type=\"widget\" data-e-type=\"widget\" data-widget_type=\"image.default\">\n\t\t\t\t<div class=\"elementor-widget-container\">\n\t\t\t\t\t\t\t\t\t\t\t\t\t\t\t<img decoding=\"async\" width=\"434\" height=\"114\" src=\"https:\/\/sharkcompactors.com\/wp-content\/uploads\/2024\/12\/ssc-logo-1tny.png\" class=\"attachment-full size-full wp-image-1949\" alt=\"Service af hydralik og containere\" srcset=\"https:\/\/sharkcompactors.com\/wp-content\/uploads\/2024\/12\/ssc-logo-1tny.png 434w, https:\/\/sharkcompactors.com\/wp-content\/uploads\/2024\/12\/ssc-logo-1tny-300x79.png 300w, https:\/\/sharkcompactors.com\/wp-content\/uploads\/2024\/12\/ssc-logo-1tny-18x5.png 18w\" sizes=\"(max-width: 434px) 100vw, 434px\" \/>\t\t\t\t\t\t\t\t\t\t\t\t\t\t\t<\/div>\n\t\t\t\t<\/div>\n\t\t\t\t<div class=\"elementor-element elementor-element-b8a507a elementor-widget__width-initial elementor-widget elementor-widget-image\" data-id=\"b8a507a\" data-element_type=\"widget\" data-e-type=\"widget\" data-widget_type=\"image.default\">\n\t\t\t\t<div class=\"elementor-widget-container\">\n\t\t\t\t\t\t\t\t\t\t\t\t\t\t\t<img fetchpriority=\"high\" decoding=\"async\" width=\"768\" height=\"768\" src=\"https:\/\/sharkcompactors.com\/wp-content\/uploads\/2023\/02\/iso-9001-14001-45001-certification-at-corporate-discount-price-.png\" class=\"attachment-large size-large wp-image-2866\" alt=\"\" srcset=\"https:\/\/sharkcompactors.com\/wp-content\/uploads\/2023\/02\/iso-9001-14001-45001-certification-at-corporate-discount-price-.png 768w, https:\/\/sharkcompactors.com\/wp-content\/uploads\/2023\/02\/iso-9001-14001-45001-certification-at-corporate-discount-price--300x300.png 300w, https:\/\/sharkcompactors.com\/wp-content\/uploads\/2023\/02\/iso-9001-14001-45001-certification-at-corporate-discount-price--150x150.png 150w, https:\/\/sharkcompactors.com\/wp-content\/uploads\/2023\/02\/iso-9001-14001-45001-certification-at-corporate-discount-price--12x12.png 12w\" sizes=\"(max-width: 768px) 100vw, 768px\" \/>\t\t\t\t\t\t\t\t\t\t\t\t\t\t\t<\/div>\n\t\t\t\t<\/div>\n\t\t\t\t<div class=\"elementor-element elementor-element-18d5b5c elementor-widget elementor-widget-heading\" data-id=\"18d5b5c\" data-element_type=\"widget\" data-e-type=\"widget\" data-widget_type=\"heading.default\">\n\t\t\t\t<div class=\"elementor-widget-container\">\n\t\t\t\t\t<h2 class=\"elementor-heading-title elementor-size-default\">H\u00f8j kvalitetsservice af din hydraulik og containere uanset hvor du befinder dig i verden<\/h2>\t\t\t\t<\/div>\n\t\t\t\t<\/div>\n\t\t\t\t<div class=\"elementor-element elementor-element-8bbd9cc elementor-widget elementor-widget-text-editor\" data-id=\"8bbd9cc\" data-element_type=\"widget\" data-e-type=\"widget\" data-widget_type=\"text-editor.default\">\n\t\t\t\t<div class=\"elementor-widget-container\">\n\t\t\t\t\t\t\t\t\t<p>Vi s\u00e6tter dig i centrum og v\u00e6rds\u00e6tter den tillid, du viser os \u2013 det er netop denne tillid, der driver vores arbejde fremad. Vores st\u00e6rke service- og eftermarkedsforst\u00e5else er fundamentet i vores kvalitetspolitik og afspejler vores kompetence og ansvarsf\u00f8lelse som en p\u00e5lidelig producent og servicepartner.<\/p><p>Gennem t\u00e6t samarbejde med n\u00f8je udvalgte forhandlere og servicefolk over hele verden sikrer vi, at din virksomhed altid kan forvente p\u00e5lidelig og kvalitetsbevidst service \u2013 uanset hvor du er placeret.<\/p><p>Vi arbejder m\u00e5lrettet p\u00e5 at opfylde dine forventninger med effektive Shark-l\u00f8sninger og udforsker konstant de nyeste teknologiske muligheder for at levere hurtig, effektiv service og vedligeholdelse.<\/p>\t\t\t\t\t\t\t\t<\/div>\n\t\t\t\t<\/div>\n\t\t\t\t<div class=\"elementor-element elementor-element-dffe944 elementor-widget elementor-widget-heading\" data-id=\"dffe944\" data-element_type=\"widget\" data-e-type=\"widget\" data-widget_type=\"heading.default\">\n\t\t\t\t<div class=\"elementor-widget-container\">\n\t\t\t\t\t<h2 class=\"elementor-heading-title elementor-size-default\">Ring direkte til vores specialist<\/h2>\t\t\t\t<\/div>\n\t\t\t\t<\/div>\n\t\t\t\t<div class=\"elementor-element elementor-element-315c7bf elementor-widget elementor-widget-text-editor\" data-id=\"315c7bf\" data-element_type=\"widget\" data-e-type=\"widget\" data-widget_type=\"text-editor.default\">\n\t\t\t\t<div class=\"elementor-widget-container\">\n\t\t\t\t\t\t\t\t\t<p>Skal du have udf\u00f8rt service p\u00e5 dine containerl\u00f8sniger, s\u00e5 bedes du kontakte Christian Vistrup direkte p\u00e5 telefon: <a href=\"tel: +45 21 40 14 49\">+45 21 40 14 49<\/a>, eller mail: <a href=\"mailto:cv@shark-container.com\">cv@shark-container.com<\/a><\/p>\t\t\t\t\t\t\t\t<\/div>\n\t\t\t\t<\/div>\n\t\t\t\t<div class=\"elementor-element elementor-element-1448096 elementor-widget elementor-widget-image\" data-id=\"1448096\" data-element_type=\"widget\" data-e-type=\"widget\" data-widget_type=\"image.default\">\n\t\t\t\t<div class=\"elementor-widget-container\">\n\t\t\t\t\t\t\t\t\t\t\t\t\t\t\t<img decoding=\"async\" width=\"800\" height=\"381\" src=\"https:\/\/sharkcompactors.com\/wp-content\/uploads\/2025\/03\/Service-1024x488.jpg\" class=\"attachment-large size-large wp-image-2810\" alt=\"\" srcset=\"https:\/\/sharkcompactors.com\/wp-content\/uploads\/2025\/03\/Service-1024x488.jpg 1024w, https:\/\/sharkcompactors.com\/wp-content\/uploads\/2025\/03\/Service-300x143.jpg 300w, https:\/\/sharkcompactors.com\/wp-content\/uploads\/2025\/03\/Service-768x366.jpg 768w, https:\/\/sharkcompactors.com\/wp-content\/uploads\/2025\/03\/Service-1536x731.jpg 1536w, https:\/\/sharkcompactors.com\/wp-content\/uploads\/2025\/03\/Service-18x9.jpg 18w, https:\/\/sharkcompactors.com\/wp-content\/uploads\/2025\/03\/Service.jpg 1821w\" sizes=\"(max-width: 800px) 100vw, 800px\" \/>\t\t\t\t\t\t\t\t\t\t\t\t\t\t\t<\/div>\n\t\t\t\t<\/div>\n\t\t\t\t\t<\/div>\n\t\t<\/div>\n\t\t\t\t<div class=\"elementor-column elementor-col-50 elementor-inner-column elementor-element elementor-element-8a552da\" data-id=\"8a552da\" data-element_type=\"column\" data-e-type=\"column\">\n\t\t\t<div class=\"elementor-widget-wrap elementor-element-populated\">\n\t\t\t\t\t\t<section class=\"elementor-section elementor-inner-section elementor-element elementor-element-198aeb3 elementor-section-boxed elementor-section-height-default elementor-section-height-default\" data-id=\"198aeb3\" data-element_type=\"section\" data-e-type=\"section\" data-settings=\"{&quot;background_background&quot;:&quot;classic&quot;,&quot;sticky&quot;:&quot;top&quot;,&quot;sticky_on&quot;:[&quot;desktop&quot;,&quot;tablet&quot;],&quot;sticky_offset&quot;:120,&quot;sticky_parent&quot;:&quot;yes&quot;,&quot;sticky_effects_offset&quot;:0,&quot;sticky_anchor_link_offset&quot;:0}\">\n\t\t\t\t\t\t<div class=\"elementor-container elementor-column-gap-default\">\n\t\t\t\t\t<div class=\"elementor-column elementor-col-100 elementor-inner-column elementor-element elementor-element-7eb5c9c\" data-id=\"7eb5c9c\" data-element_type=\"column\" data-e-type=\"column\">\n\t\t\t<div class=\"elementor-widget-wrap elementor-element-populated\">\n\t\t\t\t\t\t<div class=\"elementor-element elementor-element-c130ef9 elementor-widget elementor-widget-heading\" data-id=\"c130ef9\" data-element_type=\"widget\" data-e-type=\"widget\" data-widget_type=\"heading.default\">\n\t\t\t\t<div class=\"elementor-widget-container\">\n\t\t\t\t\t<h3 class=\"elementor-heading-title elementor-size-default\">F\u00e5 udf\u00f8rt service af fagfolk<\/h3>\t\t\t\t<\/div>\n\t\t\t\t<\/div>\n\t\t\t\t<div class=\"elementor-element elementor-element-faa09e8 elementor-button-align-start elementor-widget elementor-widget-form\" data-id=\"faa09e8\" data-element_type=\"widget\" data-e-type=\"widget\" data-settings=\"{&quot;step_next_label&quot;:&quot;N\\u00e6ste&quot;,&quot;step_previous_label&quot;:&quot;Tidligere&quot;,&quot;button_width&quot;:&quot;100&quot;,&quot;step_type&quot;:&quot;number_text&quot;,&quot;step_icon_shape&quot;:&quot;circle&quot;}\" data-widget_type=\"form.default\">\n\t\t\t\t<div class=\"elementor-widget-container\">\n\t\t\t\t\t\t\t<form class=\"elementor-form\" method=\"post\" name=\"Serviceformular\">\n\t\t\t<input type=\"hidden\" name=\"post_id\" value=\"1201\"\/>\n\t\t\t<input type=\"hidden\" name=\"form_id\" value=\"faa09e8\"\/>\n\t\t\t<input type=\"hidden\" name=\"referer_title\" value=\"Service af container &amp; hydralik - Shark Compactors\" \/>\n\n\t\t\t\t\t\t\t<input type=\"hidden\" name=\"queried_id\" value=\"1201\"\/>\n\t\t\t\n\t\t\t<div class=\"elementor-form-fields-wrapper elementor-labels-\">\n\t\t\t\t\t\t\t\t<div class=\"elementor-field-type-textarea elementor-field-group elementor-column elementor-field-group-besked elementor-col-100 elementor-field-required\">\n\t\t\t\t\t\t\t\t\t\t\t\t<label for=\"form-field-besked\" class=\"elementor-field-label elementor-screen-only\">\n\t\t\t\t\t\t\t\tBesked\t\t\t\t\t\t\t<\/label>\n\t\t\t\t\t\t<textarea class=\"elementor-field-textual elementor-field  elementor-size-lg\" name=\"form_fields[besked]\" id=\"form-field-besked\" rows=\"4\" placeholder=\"Indtast venligst din besked\" required=\"required\" aria-required=\"true\"><\/textarea>\t\t\t\t<\/div>\n\t\t\t\t\t\t\t\t<div class=\"elementor-field-type-html elementor-field-group elementor-column elementor-field-group-field_c0858b7 elementor-col-100\">\n\t\t\t\t\tHvordan m\u00e5 vi kontakte dig?\t\t\t\t<\/div>\n\t\t\t\t\t\t\t\t<div class=\"elementor-field-type-text elementor-field-group elementor-column elementor-field-group-navn elementor-col-50 elementor-md-100\">\n\t\t\t\t\t\t\t\t\t\t\t\t<label for=\"form-field-navn\" class=\"elementor-field-label elementor-screen-only\">\n\t\t\t\t\t\t\t\tNavn\t\t\t\t\t\t\t<\/label>\n\t\t\t\t\t\t\t\t\t\t\t\t\t\t<input size=\"1\" type=\"text\" name=\"form_fields[navn]\" id=\"form-field-navn\" class=\"elementor-field elementor-size-lg  elementor-field-textual\" placeholder=\"Hvad er dit navn?\">\n\t\t\t\t\t\t\t\t\t\t\t<\/div>\n\t\t\t\t\t\t\t\t<div class=\"elementor-field-type-tel elementor-field-group elementor-column elementor-field-group-telefon elementor-col-50 elementor-md-100\">\n\t\t\t\t\t\t\t\t\t\t\t\t<label for=\"form-field-telefon\" class=\"elementor-field-label elementor-screen-only\">\n\t\t\t\t\t\t\t\tTelefon\t\t\t\t\t\t\t<\/label>\n\t\t\t\t\t\t\t\t<input size=\"1\" type=\"tel\" name=\"form_fields[telefon]\" id=\"form-field-telefon\" class=\"elementor-field elementor-size-lg  elementor-field-textual\" placeholder=\"Hvad er dit Tlf. nr?\" pattern=\"[0-9()#&amp;+*-=.]+\" title=\"Kun tal og telefonkarakterer (#,-,*, o.s.v.) accepteres.\">\n\n\t\t\t\t\t\t<\/div>\n\t\t\t\t\t\t\t\t<div class=\"elementor-field-type-email elementor-field-group elementor-column elementor-field-group-email elementor-col-100 elementor-field-required\">\n\t\t\t\t\t\t\t\t\t\t\t\t<label for=\"form-field-email\" class=\"elementor-field-label elementor-screen-only\">\n\t\t\t\t\t\t\t\tE-mail\t\t\t\t\t\t\t<\/label>\n\t\t\t\t\t\t\t\t\t\t\t\t\t\t<input size=\"1\" type=\"email\" name=\"form_fields[email]\" id=\"form-field-email\" class=\"elementor-field elementor-size-lg  elementor-field-textual\" placeholder=\"Hvad er din E-mail?\" required=\"required\" aria-required=\"true\">\n\t\t\t\t\t\t\t\t\t\t\t<\/div>\n\t\t\t\t\t\t\t\t<div class=\"elementor-field-type-text\">\n\t\t\t\t\t<input size=\"1\" type=\"text\" name=\"form_fields[field_ef59f90]\" id=\"form-field-field_ef59f90\" class=\"elementor-field elementor-size-lg \" style=\"display:none !important;\">\t\t\t\t<\/div>\n\t\t\t\t\t\t\t\t<div class=\"elementor-field-type-recaptcha_v3 elementor-field-group elementor-column elementor-field-group-field_4d05d03 elementor-col-100 recaptcha_v3-bottomleft\">\n\t\t\t\t\t<div class=\"elementor-field\" id=\"form-field-field_4d05d03\"><div class=\"elementor-g-recaptcha\" data-sitekey=\"6Lf22nUqAAAAAPJsM1t9m6j1ORSkc1ic3gteQGF6\" data-type=\"v3\" data-action=\"Form\" data-badge=\"bottomleft\" data-size=\"invisible\"><\/div><\/div>\t\t\t\t<\/div>\n\t\t\t\t\t\t\t\t<div class=\"elementor-field-group elementor-column elementor-field-type-submit elementor-col-100 e-form__buttons\">\n\t\t\t\t\t<button class=\"elementor-button elementor-size-sm\" type=\"submit\">\n\t\t\t\t\t\t<span class=\"elementor-button-content-wrapper\">\n\t\t\t\t\t\t\t\t\t\t\t\t\t\t\t\t\t\t\t\t\t\t<span class=\"elementor-button-text\">Send besked<\/span>\n\t\t\t\t\t\t\t\t\t\t\t\t\t<\/span>\n\t\t\t\t\t<\/button>\n\t\t\t\t<\/div>\n\t\t\t<\/div>\n\t\t<\/form>\n\t\t\t\t\t\t<\/div>\n\t\t\t\t<\/div>\n\t\t\t\t\t<\/div>\n\t\t<\/div>\n\t\t\t\t\t<\/div>\n\t\t<\/section>\n\t\t\t\t\t<\/div>\n\t\t<\/div>\n\t\t\t\t\t<\/div>\n\t\t<\/section>\n\t\t\t\t\t<\/div>\n\t\t<\/div>\n\t\t\t\t\t<\/div>\n\t\t<\/section>\n\t\t\t\t<\/div>\n\t\t","protected":false},"excerpt":{"rendered":"<p>Service af hydraulik og containere Hos Shark Compactors f\u00e5r du en service i h\u00f8j kvalitet af dine hydrauliske systemer eller containere, uanset hvor i verden du har adresse. H\u00f8j kvalitetsservice af din hydraulik og containere uanset hvor du befinder dig i verden Vi s\u00e6tter dig i centrum og v\u00e6rds\u00e6tter den tillid, du viser os \u2013 [&hellip;]<\/p>\n","protected":false},"author":1,"featured_media":1949,"parent":0,"menu_order":0,"comment_status":"closed","ping_status":"closed","template":"","meta":{"iawp_total_views":382,"footnotes":""},"class_list":["post-1201","page","type-page","status-publish","has-post-thumbnail","hentry"],"yoast_head":"<!-- This site is optimized with the Yoast SEO plugin v27.5 - https:\/\/yoast.com\/product\/yoast-seo-wordpress\/ -->\n<title>Service af container &amp; hydralik - Shark Compactors<\/title>\n<meta name=\"description\" content=\"Hos Shark Compactors f\u00e5r du en service i h\u00f8j kvalitet af dine hydrauliske systemer eller containere, uanset hvor i verden du har adresse.\" \/>\n<meta name=\"robots\" content=\"index, follow, max-snippet:-1, max-image-preview:large, max-video-preview:-1\" \/>\n<link rel=\"canonical\" href=\"https:\/\/sharkcompactors.com\/en\/service\/\" \/>\n<meta property=\"og:locale\" content=\"en_GB\" \/>\n<meta property=\"og:type\" content=\"article\" \/>\n<meta property=\"og:title\" content=\"Service af container &amp; hydralik - Shark Compactors\" \/>\n<meta property=\"og:description\" content=\"Hos Shark Compactors f\u00e5r du en service i h\u00f8j kvalitet af dine hydrauliske systemer eller containere, uanset hvor i verden du har adresse.\" \/>\n<meta property=\"og:url\" content=\"https:\/\/sharkcompactors.com\/en\/service\/\" \/>\n<meta property=\"og:site_name\" content=\"Shark Compactors\" \/>\n<meta property=\"article:publisher\" content=\"https:\/\/www.facebook.com\/people\/Shark-Compactors\/100054347826083\/\" \/>\n<meta property=\"article:modified_time\" content=\"2025-10-24T08:17:12+00:00\" \/>\n<meta property=\"og:image\" content=\"https:\/\/sharkcompactors.com\/wp-content\/uploads\/2024\/12\/ssc-logo-1tny.png\" \/>\n\t<meta property=\"og:image:width\" content=\"434\" \/>\n\t<meta property=\"og:image:height\" content=\"114\" \/>\n\t<meta property=\"og:image:type\" content=\"image\/png\" \/>\n<meta name=\"twitter:card\" content=\"summary_large_image\" \/>\n<meta name=\"twitter:label1\" content=\"Estimated reading time\" \/>\n\t<meta name=\"twitter:data1\" content=\"2 minutes\" \/>\n<script type=\"application\/ld+json\" class=\"yoast-schema-graph\">{\"@context\":\"https:\\\/\\\/schema.org\",\"@graph\":[{\"@type\":\"WebPage\",\"@id\":\"https:\\\/\\\/sharkcompactors.com\\\/service\\\/\",\"url\":\"https:\\\/\\\/sharkcompactors.com\\\/service\\\/\",\"name\":\"Service af container &amp; hydralik - Shark Compactors\",\"isPartOf\":{\"@id\":\"https:\\\/\\\/sharkcompactors.com\\\/#website\"},\"primaryImageOfPage\":{\"@id\":\"https:\\\/\\\/sharkcompactors.com\\\/service\\\/#primaryimage\"},\"image\":{\"@id\":\"https:\\\/\\\/sharkcompactors.com\\\/service\\\/#primaryimage\"},\"thumbnailUrl\":\"https:\\\/\\\/sharkcompactors.com\\\/wp-content\\\/uploads\\\/2024\\\/12\\\/ssc-logo-1tny.png\",\"datePublished\":\"2024-11-05T10:51:00+00:00\",\"dateModified\":\"2025-10-24T08:17:12+00:00\",\"description\":\"Hos Shark Compactors f\u00e5r du en service i h\u00f8j kvalitet af dine hydrauliske systemer eller containere, uanset hvor i verden du har adresse.\",\"breadcrumb\":{\"@id\":\"https:\\\/\\\/sharkcompactors.com\\\/service\\\/#breadcrumb\"},\"inLanguage\":\"en-GB\",\"potentialAction\":[{\"@type\":\"ReadAction\",\"target\":[\"https:\\\/\\\/sharkcompactors.com\\\/service\\\/\"]}]},{\"@type\":\"ImageObject\",\"inLanguage\":\"en-GB\",\"@id\":\"https:\\\/\\\/sharkcompactors.com\\\/service\\\/#primaryimage\",\"url\":\"https:\\\/\\\/sharkcompactors.com\\\/wp-content\\\/uploads\\\/2024\\\/12\\\/ssc-logo-1tny.png\",\"contentUrl\":\"https:\\\/\\\/sharkcompactors.com\\\/wp-content\\\/uploads\\\/2024\\\/12\\\/ssc-logo-1tny.png\",\"width\":434,\"height\":114,\"caption\":\"Service af hydralik og containere\"},{\"@type\":\"BreadcrumbList\",\"@id\":\"https:\\\/\\\/sharkcompactors.com\\\/service\\\/#breadcrumb\",\"itemListElement\":[{\"@type\":\"ListItem\",\"position\":1,\"name\":\"Hjem\",\"item\":\"https:\\\/\\\/sharkcompactors.com\\\/\"},{\"@type\":\"ListItem\",\"position\":2,\"name\":\"Service af container &amp; hydralik\"}]},{\"@type\":\"WebSite\",\"@id\":\"https:\\\/\\\/sharkcompactors.com\\\/#website\",\"url\":\"https:\\\/\\\/sharkcompactors.com\\\/\",\"name\":\"Shark Compactors\",\"description\":\"Innovative teknologier til genbrugsindustrien\",\"publisher\":{\"@id\":\"https:\\\/\\\/sharkcompactors.com\\\/#organization\"},\"potentialAction\":[{\"@type\":\"SearchAction\",\"target\":{\"@type\":\"EntryPoint\",\"urlTemplate\":\"https:\\\/\\\/sharkcompactors.com\\\/?s={search_term_string}\"},\"query-input\":{\"@type\":\"PropertyValueSpecification\",\"valueRequired\":true,\"valueName\":\"search_term_string\"}}],\"inLanguage\":\"en-GB\"},{\"@type\":\"Organization\",\"@id\":\"https:\\\/\\\/sharkcompactors.com\\\/#organization\",\"name\":\"Shark Compactors\",\"url\":\"https:\\\/\\\/sharkcompactors.com\\\/\",\"logo\":{\"@type\":\"ImageObject\",\"inLanguage\":\"en-GB\",\"@id\":\"https:\\\/\\\/sharkcompactors.com\\\/#\\\/schema\\\/logo\\\/image\\\/\",\"url\":\"https:\\\/\\\/sharkcompactors.com\\\/wp-content\\\/uploads\\\/2023\\\/02\\\/Logo-SharkCompactors.svg\",\"contentUrl\":\"https:\\\/\\\/sharkcompactors.com\\\/wp-content\\\/uploads\\\/2023\\\/02\\\/Logo-SharkCompactors.svg\",\"width\":1366,\"height\":343,\"caption\":\"Shark Compactors\"},\"image\":{\"@id\":\"https:\\\/\\\/sharkcompactors.com\\\/#\\\/schema\\\/logo\\\/image\\\/\"},\"sameAs\":[\"https:\\\/\\\/www.facebook.com\\\/people\\\/Shark-Compactors\\\/100054347826083\\\/\",\"https:\\\/\\\/www.linkedin.com\\\/company\\\/shark-containers-a-s\\\/\",\"https:\\\/\\\/www.youtube.com\\\/channel\\\/UCfi-te-FX9zF_ah30pPwRQQ\"]}]}<\/script>\n<!-- \/ Yoast SEO plugin. -->","yoast_head_json":{"title":"Service of containers &amp; hydraulics - Shark Compactors","description":"At Shark Compactors you get high-quality service for your hydraulic systems or containers, no matter where in the world you are located.","robots":{"index":"index","follow":"follow","max-snippet":"max-snippet:-1","max-image-preview":"max-image-preview:large","max-video-preview":"max-video-preview:-1"},"canonical":"https:\/\/sharkcompactors.com\/en\/service\/","og_locale":"en_GB","og_type":"article","og_title":"Service af container &amp; hydralik - Shark Compactors","og_description":"Hos Shark Compactors f\u00e5r du en service i h\u00f8j kvalitet af dine hydrauliske systemer eller containere, uanset hvor i verden du har adresse.","og_url":"https:\/\/sharkcompactors.com\/en\/service\/","og_site_name":"Shark Compactors","article_publisher":"https:\/\/www.facebook.com\/people\/Shark-Compactors\/100054347826083\/","article_modified_time":"2025-10-24T08:17:12+00:00","og_image":[{"width":434,"height":114,"url":"https:\/\/sharkcompactors.com\/wp-content\/uploads\/2024\/12\/ssc-logo-1tny.png","type":"image\/png"}],"twitter_card":"summary_large_image","twitter_misc":{"Estimated reading time":"2 minutes"},"schema":{"@context":"https:\/\/schema.org","@graph":[{"@type":"WebPage","@id":"https:\/\/sharkcompactors.com\/service\/","url":"https:\/\/sharkcompactors.com\/service\/","name":"Service of containers &amp; hydraulics - Shark Compactors","isPartOf":{"@id":"https:\/\/sharkcompactors.com\/#website"},"primaryImageOfPage":{"@id":"https:\/\/sharkcompactors.com\/service\/#primaryimage"},"image":{"@id":"https:\/\/sharkcompactors.com\/service\/#primaryimage"},"thumbnailUrl":"https:\/\/sharkcompactors.com\/wp-content\/uploads\/2024\/12\/ssc-logo-1tny.png","datePublished":"2024-11-05T10:51:00+00:00","dateModified":"2025-10-24T08:17:12+00:00","description":"At Shark Compactors you get high-quality service for your hydraulic systems or containers, no matter where in the world you are located.","breadcrumb":{"@id":"https:\/\/sharkcompactors.com\/service\/#breadcrumb"},"inLanguage":"en-GB","potentialAction":[{"@type":"ReadAction","target":["https:\/\/sharkcompactors.com\/service\/"]}]},{"@type":"ImageObject","inLanguage":"en-GB","@id":"https:\/\/sharkcompactors.com\/service\/#primaryimage","url":"https:\/\/sharkcompactors.com\/wp-content\/uploads\/2024\/12\/ssc-logo-1tny.png","contentUrl":"https:\/\/sharkcompactors.com\/wp-content\/uploads\/2024\/12\/ssc-logo-1tny.png","width":434,"height":114,"caption":"Service af hydralik og containere"},{"@type":"BreadcrumbList","@id":"https:\/\/sharkcompactors.com\/service\/#breadcrumb","itemListElement":[{"@type":"ListItem","position":1,"name":"Hjem","item":"https:\/\/sharkcompactors.com\/"},{"@type":"ListItem","position":2,"name":"Service af container &amp; hydralik"}]},{"@type":"WebSite","@id":"https:\/\/sharkcompactors.com\/#website","url":"https:\/\/sharkcompactors.com\/","name":"Shark Compactors","description":"Innovative technologies for the recycling industry","publisher":{"@id":"https:\/\/sharkcompactors.com\/#organization"},"potentialAction":[{"@type":"SearchAction","target":{"@type":"EntryPoint","urlTemplate":"https:\/\/sharkcompactors.com\/?s={search_term_string}"},"query-input":{"@type":"PropertyValueSpecification","valueRequired":true,"valueName":"search_term_string"}}],"inLanguage":"en-GB"},{"@type":"Organization","@id":"https:\/\/sharkcompactors.com\/#organization","name":"Shark Compactors","url":"https:\/\/sharkcompactors.com\/","logo":{"@type":"ImageObject","inLanguage":"en-GB","@id":"https:\/\/sharkcompactors.com\/#\/schema\/logo\/image\/","url":"https:\/\/sharkcompactors.com\/wp-content\/uploads\/2023\/02\/Logo-SharkCompactors.svg","contentUrl":"https:\/\/sharkcompactors.com\/wp-content\/uploads\/2023\/02\/Logo-SharkCompactors.svg","width":1366,"height":343,"caption":"Shark Compactors"},"image":{"@id":"https:\/\/sharkcompactors.com\/#\/schema\/logo\/image\/"},"sameAs":["https:\/\/www.facebook.com\/people\/Shark-Compactors\/100054347826083\/","https:\/\/www.linkedin.com\/company\/shark-containers-a-s\/","https:\/\/www.youtube.com\/channel\/UCfi-te-FX9zF_ah30pPwRQQ"]}]}},"_links":{"self":[{"href":"https:\/\/sharkcompactors.com\/en\/wp-json\/wp\/v2\/pages\/1201","targetHints":{"allow":["GET"]}}],"collection":[{"href":"https:\/\/sharkcompactors.com\/en\/wp-json\/wp\/v2\/pages"}],"about":[{"href":"https:\/\/sharkcompactors.com\/en\/wp-json\/wp\/v2\/types\/page"}],"author":[{"embeddable":true,"href":"https:\/\/sharkcompactors.com\/en\/wp-json\/wp\/v2\/users\/1"}],"replies":[{"embeddable":true,"href":"https:\/\/sharkcompactors.com\/en\/wp-json\/wp\/v2\/comments?post=1201"}],"version-history":[{"count":52,"href":"https:\/\/sharkcompactors.com\/en\/wp-json\/wp\/v2\/pages\/1201\/revisions"}],"predecessor-version":[{"id":2881,"href":"https:\/\/sharkcompactors.com\/en\/wp-json\/wp\/v2\/pages\/1201\/revisions\/2881"}],"wp:featuredmedia":[{"embeddable":true,"href":"https:\/\/sharkcompactors.com\/en\/wp-json\/wp\/v2\/media\/1949"}],"wp:attachment":[{"href":"https:\/\/sharkcompactors.com\/en\/wp-json\/wp\/v2\/media?parent=1201"}],"curies":[{"name":"wp","href":"https:\/\/api.w.org\/{rel}","templated":true}]}}